{"id":1450,"date":"2024-10-16T10:58:47","date_gmt":"2024-10-16T16:58:47","guid":{"rendered":"https:\/\/jyrsa.com\/?page_id=1450"},"modified":"2025-04-11T13:06:01","modified_gmt":"2025-04-11T19:06:01","slug":"aviso-de-privacidad","status":"publish","type":"page","link":"https:\/\/jyrsa.com\/en\/aviso-de-privacidad\/","title":{"rendered":"Privacy Notice"},"content":{"rendered":"<div data-elementor-type=\"wp-page\" data-elementor-id=\"1450\" class=\"elementor elementor-1450\" data-elementor-post-type=\"page\">\n\t\t\t\t<div class=\"elementor-element elementor-element-4eeaaa8d e-flex e-con-boxed e-con e-parent\" data-id=\"4eeaaa8d\" data-element_type=\"container\" data-e-type=\"container\">\n\t\t\t\t\t<div class=\"e-con-inner\">\n\t\t\t\t<div class=\"elementor-element elementor-element-54f93d66 elementor-widget elementor-widget-spacer\" data-id=\"54f93d66\" data-element_type=\"widget\" data-e-type=\"widget\" data-widget_type=\"spacer.default\">\n\t\t\t\t<div class=\"elementor-widget-container\">\n\t\t\t\t\t\t\t<div class=\"elementor-spacer\">\n\t\t\t<div class=\"elementor-spacer-inner\"><\/div>\n\t\t<\/div>\n\t\t\t\t\t\t<\/div>\n\t\t\t\t<\/div>\n\t\t\t\t<div class=\"elementor-element elementor-element-5e95f065 elementor-widget elementor-widget-heading\" data-id=\"5e95f065\" data-element_type=\"widget\" data-e-type=\"widget\" data-widget_type=\"heading.default\">\n\t\t\t\t<div class=\"elementor-widget-container\">\n\t\t\t\t\t<h2 class=\"elementor-heading-title elementor-size-default\">Privacy Notice<\/h2>\t\t\t\t<\/div>\n\t\t\t\t<\/div>\n\t\t\t\t<div class=\"elementor-element elementor-element-228df5f2 elementor-widget elementor-widget-spacer\" data-id=\"228df5f2\" data-element_type=\"widget\" data-e-type=\"widget\" data-widget_type=\"spacer.default\">\n\t\t\t\t<div class=\"elementor-widget-container\">\n\t\t\t\t\t\t\t<div class=\"elementor-spacer\">\n\t\t\t<div class=\"elementor-spacer-inner\"><\/div>\n\t\t<\/div>\n\t\t\t\t\t\t<\/div>\n\t\t\t\t<\/div>\n\t\t\t\t<div class=\"elementor-element elementor-element-46753fb elementor-widget elementor-widget-image\" data-id=\"46753fb\" data-element_type=\"widget\" data-e-type=\"widget\" data-widget_type=\"image.default\">\n\t\t\t\t<div class=\"elementor-widget-container\">\n\t\t\t\t\t\t\t\t\t\t\t\t\t\t\t<img fetchpriority=\"high\" decoding=\"async\" data-attachment-id=\"4858\" data-permalink=\"https:\/\/jyrsa.com\/en\/aviso-de-privacidad\/aviso-privacidad_144\/\" data-orig-file=\"https:\/\/jyrsa.com\/wp-content\/uploads\/2024\/10\/aviso-privacidad_144.webp\" data-orig-size=\"1055,274\" data-comments-opened=\"1\" data-image-meta=\"{&quot;aperture&quot;:&quot;0&quot;,&quot;credit&quot;:&quot;&quot;,&quot;camera&quot;:&quot;&quot;,&quot;caption&quot;:&quot;&quot;,&quot;created_timestamp&quot;:&quot;0&quot;,&quot;copyright&quot;:&quot;&quot;,&quot;focal_length&quot;:&quot;0&quot;,&quot;iso&quot;:&quot;0&quot;,&quot;shutter_speed&quot;:&quot;0&quot;,&quot;title&quot;:&quot;&quot;,&quot;orientation&quot;:&quot;0&quot;}\" data-image-title=\"\" data-image-description=\"\" data-image-caption=\"\" data-large-file=\"https:\/\/jyrsa.com\/wp-content\/uploads\/2024\/10\/aviso-privacidad_144-1024x266.webp\" width=\"1055\" height=\"274\" src=\"https:\/\/jyrsa.com\/wp-content\/uploads\/2024\/10\/aviso-privacidad_144.webp\" class=\"attachment-full size-full wp-image-4858\" alt=\"\" srcset=\"https:\/\/jyrsa.com\/wp-content\/uploads\/2024\/10\/aviso-privacidad_144.webp 1055w, https:\/\/jyrsa.com\/wp-content\/uploads\/2024\/10\/aviso-privacidad_144-300x78.webp 300w, https:\/\/jyrsa.com\/wp-content\/uploads\/2024\/10\/aviso-privacidad_144-1024x266.webp 1024w, https:\/\/jyrsa.com\/wp-content\/uploads\/2024\/10\/aviso-privacidad_144-768x199.webp 768w, https:\/\/jyrsa.com\/wp-content\/uploads\/2024\/10\/aviso-privacidad_144-600x156.webp 600w\" sizes=\"(max-width: 1055px) 100vw, 1055px\" \/>\t\t\t\t\t\t\t\t\t\t\t\t\t\t\t<\/div>\n\t\t\t\t<\/div>\n\t\t\t\t<div class=\"elementor-element elementor-element-5d2c2ada elementor-widget-divider--view-line elementor-widget elementor-widget-divider\" data-id=\"5d2c2ada\" data-element_type=\"widget\" data-e-type=\"widget\" data-widget_type=\"divider.default\">\n\t\t\t\t<div class=\"elementor-widget-container\">\n\t\t\t\t\t\t\t<div class=\"elementor-divider\">\n\t\t\t<span class=\"elementor-divider-separator\">\n\t\t\t\t\t\t<\/span>\n\t\t<\/div>\n\t\t\t\t\t\t<\/div>\n\t\t\t\t<\/div>\n\t\t\t\t\t<\/div>\n\t\t\t\t<\/div>\n\t\t<div class=\"elementor-element elementor-element-326c340c e-flex e-con-boxed e-con e-parent\" data-id=\"326c340c\" data-element_type=\"container\" data-e-type=\"container\">\n\t\t\t\t\t<div class=\"e-con-inner\">\n\t\t\t\t<div class=\"elementor-element elementor-element-9bf5f39 elementor-widget elementor-widget-text-editor\" data-id=\"9bf5f39\" data-element_type=\"widget\" data-e-type=\"widget\" data-widget_type=\"text-editor.default\">\n\t\t\t\t<div class=\"elementor-widget-container\">\n\t\t\t\t\t\t\t\t\t<p><strong>Privacy Notice<\/strong><\/p><p>In compliance with the Federal Law on Transparency and Access to Government Public Information, we inform you of our privacy policy and personal data management, and we make the following commitment:<br \/><br \/>The data we request from you through any of the contact channels with JYRSA PPE, S.A. DE C.V., which are recorded in our system, will be used solely to establish contact with you regarding your request.<\/p><p>The data you provide in any of our records will not be disseminated, distributed, or sold.<\/p><p>If you wish to be removed from our database, you may request the deletion of your data at any time by sending an email to: jesus.sena.orozco@jyrsa.com or sacprod@jyrsa.com.<\/p><p>Your request may be included in statistical reports prepared to track institutional progress for the\u00a0<strong>Presidency of the Republic.<\/strong>\u00a0However, these reports will be purely statistical and will not include information that allows individual identification.<\/p><p>Your personal data may be shared with third parties strictly in accordance with Article 22 of the Federal Law on Transparency and Access to Government Public Information.<br \/><br \/><\/p><p><strong>CONFIDENTIALITY NOTICE<\/strong><\/p><p>The information contained in this document and its attachments is confidential and intended solely for use by the recipient indicated in the email.<\/p><p><strong>JYRSA PPE, S.A. DE C.V.<\/strong>, does not accept legal responsibility for the content of this message. Any person who receives this message in error must immediately notify the sender by phone or email and permanently delete it from their computer. Disclosure of the contents of this document to any other person or copying it is strictly prohibited. Violation of this notice may result in legal liability.<\/p>\t\t\t\t\t\t\t\t<\/div>\n\t\t\t\t<\/div>\n\t\t\t\t\t<\/div>\n\t\t\t\t<\/div>\n\t\t\t\t<\/div>","protected":false},"excerpt":{"rendered":"<p>Aviso de privacidad &lt;img width=&#8221;1055&#8243; height=&#8221;274&#8243; src=&#8221;<a href=\"https:\/\/jyrsa.com\/wp-content\/uploads\/2024\/10\/aviso-privacidad_144.webp&#038;#8221\">https:\/\/jyrsa.com\/wp-content\/uploads\/2024\/10\/aviso-privacidad_144.webp&#038;#8221<\/a>; alt=&#8221;&#8221; srcset=&#8221;<a href=\"https:\/\/jyrsa.com\/wp-content\/uploads\/2024\/10\/aviso-privacidad_144.webp\">https:\/\/jyrsa.com\/wp-content\/uploads\/2024\/10\/aviso-privacidad_144.webp<\/a> 1055w, <a href=\"https:\/\/jyrsa.com\/wp-content\/uploads\/2024\/10\/aviso-privacidad_144-300&#215;78.webp\">https:\/\/jyrsa.com\/wp-content\/uploads\/2024\/10\/aviso-privacidad_144-300&#215;78.webp<\/a> 300w, <a href=\"https:\/\/jyrsa.com\/wp-content\/uploads\/2024\/10\/aviso-privacidad_144-1024&#215;266.webp\">https:\/\/jyrsa.com\/wp-content\/uploads\/2024\/10\/aviso-privacidad_144-1024&#215;266.webp<\/a> 1024w, <a href=\"https:\/\/jyrsa.com\/wp-content\/uploads\/2024\/10\/aviso-privacidad_144-768&#215;199.webp\">https:\/\/jyrsa.com\/wp-content\/uploads\/2024\/10\/aviso-privacidad_144-768&#215;199.webp<\/a> 768w, <a href=\"https:\/\/jyrsa.com\/wp-content\/uploads\/2024\/10\/aviso-privacidad_144-600&#215;156.webp\">https:\/\/jyrsa.com\/wp-content\/uploads\/2024\/10\/aviso-privacidad_144-600&#215;156.webp<\/a> 600w&#8221; sizes=&#8221;(max-width: 1055px) 100vw, 1055px&#8221; \/&gt; &lt;strong&gt;AVISO DE PRIVACIDAD&lt;\/strong&gt; En cumplimiento con lo establecido por la Ley Federal de Transparencia y Acceso a la Informaci\u00f3n P\u00fablica Gubernamental le comunicamos nuestra pol\u00edtica de privacidad y manejo de datos personales [&hellip;]<\/p>\n","protected":false},"author":256174138,"featured_media":0,"parent":0,"menu_order":0,"comment_status":"closed","ping_status":"closed","template":"","meta":{"jetpack_post_was_ever_published":false,"footnotes":""},"class_list":["post-1450","page","type-page","status-publish","hentry"],"yoast_head":"<!-- This site is optimized with the Yoast SEO Premium plugin v24.7 (Yoast SEO v27.3) - https:\/\/yoast.com\/product\/yoast-seo-premium-wordpress\/ -->\n<title>Aviso de privacidad - JYRSA<\/title>\n<meta name=\"robots\" content=\"index, follow, max-snippet:-1, max-image-preview:large, max-video-preview:-1\" \/>\n<link rel=\"canonical\" href=\"https:\/\/jyrsa.com\/en\/aviso-de-privacidad\/\" \/>\n<meta property=\"og:locale\" content=\"en_US\" \/>\n<meta property=\"og:type\" content=\"article\" \/>\n<meta property=\"og:title\" content=\"Aviso de privacidad\" \/>\n<meta property=\"og:description\" content=\"Aviso de privacidad &lt;img width=&quot;1055&quot; height=&quot;274&quot; src=&quot;https:\/\/jyrsa.com\/wp-content\/uploads\/2024\/10\/aviso-privacidad_144.webp&quot; alt=&quot;&quot; srcset=&quot;https:\/\/jyrsa.com\/wp-content\/uploads\/2024\/10\/aviso-privacidad_144.webp 1055w, https:\/\/jyrsa.com\/wp-content\/uploads\/2024\/10\/aviso-privacidad_144-300x78.webp 300w, https:\/\/jyrsa.com\/wp-content\/uploads\/2024\/10\/aviso-privacidad_144-1024x266.webp 1024w, https:\/\/jyrsa.com\/wp-content\/uploads\/2024\/10\/aviso-privacidad_144-768x199.webp 768w, https:\/\/jyrsa.com\/wp-content\/uploads\/2024\/10\/aviso-privacidad_144-600x156.webp 600w&quot; sizes=&quot;(max-width: 1055px) 100vw, 1055px&quot; \/&gt; &lt;strong&gt;AVISO DE PRIVACIDAD&lt;\/strong&gt; En cumplimiento con lo establecido por la Ley Federal de Transparencia y Acceso a la Informaci\u00f3n P\u00fablica Gubernamental le comunicamos nuestra pol\u00edtica de privacidad y manejo de datos personales [&hellip;]\" \/>\n<meta property=\"og:url\" content=\"https:\/\/jyrsa.com\/en\/aviso-de-privacidad\/\" \/>\n<meta property=\"og:site_name\" content=\"JYRSA\" \/>\n<meta property=\"article:publisher\" content=\"https:\/\/www.facebook.com\/jyrsamexico\/\" \/>\n<meta property=\"article:modified_time\" content=\"2025-04-11T19:06:01+00:00\" \/>\n<meta name=\"twitter:card\" content=\"summary_large_image\" \/>\n<meta name=\"twitter:label1\" content=\"Est. reading time\" \/>\n\t<meta name=\"twitter:data1\" content=\"2 minutes\" \/>\n<script type=\"application\/ld+json\" class=\"yoast-schema-graph\">{\"@context\":\"https:\\\/\\\/schema.org\",\"@graph\":[{\"@type\":\"WebPage\",\"@id\":\"https:\\\/\\\/jyrsa.com\\\/aviso-de-privacidad\\\/\",\"url\":\"https:\\\/\\\/jyrsa.com\\\/aviso-de-privacidad\\\/\",\"name\":\"Aviso de privacidad - JYRSA\",\"isPartOf\":{\"@id\":\"https:\\\/\\\/jyrsa.com\\\/#website\"},\"datePublished\":\"2024-10-16T16:58:47+00:00\",\"dateModified\":\"2025-04-11T19:06:01+00:00\",\"breadcrumb\":{\"@id\":\"https:\\\/\\\/jyrsa.com\\\/aviso-de-privacidad\\\/#breadcrumb\"},\"inLanguage\":\"en-US\",\"potentialAction\":[{\"@type\":\"ReadAction\",\"target\":[\"https:\\\/\\\/jyrsa.com\\\/aviso-de-privacidad\\\/\"]}]},{\"@type\":\"BreadcrumbList\",\"@id\":\"https:\\\/\\\/jyrsa.com\\\/aviso-de-privacidad\\\/#breadcrumb\",\"itemListElement\":[{\"@type\":\"ListItem\",\"position\":1,\"name\":\"Home\",\"item\":\"https:\\\/\\\/jyrsa.com\\\/\"},{\"@type\":\"ListItem\",\"position\":2,\"name\":\"Aviso de privacidad\"}]},{\"@type\":\"WebSite\",\"@id\":\"https:\\\/\\\/jyrsa.com\\\/#website\",\"url\":\"https:\\\/\\\/jyrsa.com\\\/\",\"name\":\"JYRSA\",\"description\":\"Cuidamos lo m\u00e1s importante\",\"publisher\":{\"@id\":\"https:\\\/\\\/jyrsa.com\\\/#organization\"},\"potentialAction\":[{\"@type\":\"SearchAction\",\"target\":{\"@type\":\"EntryPoint\",\"urlTemplate\":\"https:\\\/\\\/jyrsa.com\\\/?s={search_term_string}\"},\"query-input\":{\"@type\":\"PropertyValueSpecification\",\"valueRequired\":true,\"valueName\":\"search_term_string\"}}],\"inLanguage\":\"en-US\"},{\"@type\":\"Organization\",\"@id\":\"https:\\\/\\\/jyrsa.com\\\/#organization\",\"name\":\"JYRSA\",\"url\":\"https:\\\/\\\/jyrsa.com\\\/\",\"logo\":{\"@type\":\"ImageObject\",\"inLanguage\":\"en-US\",\"@id\":\"https:\\\/\\\/jyrsa.com\\\/#\\\/schema\\\/logo\\\/image\\\/\",\"url\":\"https:\\\/\\\/jyrsa.com\\\/wp-content\\\/uploads\\\/2024\\\/10\\\/Logo-JYRSA-negro-03.jpg\",\"contentUrl\":\"https:\\\/\\\/jyrsa.com\\\/wp-content\\\/uploads\\\/2024\\\/10\\\/Logo-JYRSA-negro-03.jpg\",\"width\":3034,\"height\":949,\"caption\":\"JYRSA\"},\"image\":{\"@id\":\"https:\\\/\\\/jyrsa.com\\\/#\\\/schema\\\/logo\\\/image\\\/\"},\"sameAs\":[\"https:\\\/\\\/www.facebook.com\\\/jyrsamexico\\\/\",\"https:\\\/\\\/www.instagram.com\\\/jyrsa_oficial\\\/\",\"https:\\\/\\\/www.tiktok.com\\\/@jyrsa_oficial\",\"https:\\\/\\\/mx.linkedin.com\\\/company\\\/jyrsa\",\"https:\\\/\\\/www.youtube.com\\\/user\\\/jyrsamx\"]}]}<\/script>\n<!-- \/ Yoast SEO Premium plugin. -->","yoast_head_json":{"title":"Aviso de privacidad - JYRSA","robots":{"index":"index","follow":"follow","max-snippet":"max-snippet:-1","max-image-preview":"max-image-preview:large","max-video-preview":"max-video-preview:-1"},"canonical":"https:\/\/jyrsa.com\/en\/aviso-de-privacidad\/","og_locale":"en_US","og_type":"article","og_title":"Aviso de privacidad","og_description":"Aviso de privacidad &lt;img width=\"1055\" height=\"274\" src=\"https:\/\/jyrsa.com\/wp-content\/uploads\/2024\/10\/aviso-privacidad_144.webp\" alt=\"\" srcset=\"https:\/\/jyrsa.com\/wp-content\/uploads\/2024\/10\/aviso-privacidad_144.webp 1055w, https:\/\/jyrsa.com\/wp-content\/uploads\/2024\/10\/aviso-privacidad_144-300x78.webp 300w, https:\/\/jyrsa.com\/wp-content\/uploads\/2024\/10\/aviso-privacidad_144-1024x266.webp 1024w, https:\/\/jyrsa.com\/wp-content\/uploads\/2024\/10\/aviso-privacidad_144-768x199.webp 768w, https:\/\/jyrsa.com\/wp-content\/uploads\/2024\/10\/aviso-privacidad_144-600x156.webp 600w\" sizes=\"(max-width: 1055px) 100vw, 1055px\" \/&gt; &lt;strong&gt;AVISO DE PRIVACIDAD&lt;\/strong&gt; En cumplimiento con lo establecido por la Ley Federal de Transparencia y Acceso a la Informaci\u00f3n P\u00fablica Gubernamental le comunicamos nuestra pol\u00edtica de privacidad y manejo de datos personales [&hellip;]","og_url":"https:\/\/jyrsa.com\/en\/aviso-de-privacidad\/","og_site_name":"JYRSA","article_publisher":"https:\/\/www.facebook.com\/jyrsamexico\/","article_modified_time":"2025-04-11T19:06:01+00:00","twitter_card":"summary_large_image","twitter_misc":{"Est. reading time":"2 minutes"},"schema":{"@context":"https:\/\/schema.org","@graph":[{"@type":"WebPage","@id":"https:\/\/jyrsa.com\/aviso-de-privacidad\/","url":"https:\/\/jyrsa.com\/aviso-de-privacidad\/","name":"Aviso de privacidad - JYRSA","isPartOf":{"@id":"https:\/\/jyrsa.com\/#website"},"datePublished":"2024-10-16T16:58:47+00:00","dateModified":"2025-04-11T19:06:01+00:00","breadcrumb":{"@id":"https:\/\/jyrsa.com\/aviso-de-privacidad\/#breadcrumb"},"inLanguage":"en-US","potentialAction":[{"@type":"ReadAction","target":["https:\/\/jyrsa.com\/aviso-de-privacidad\/"]}]},{"@type":"BreadcrumbList","@id":"https:\/\/jyrsa.com\/aviso-de-privacidad\/#breadcrumb","itemListElement":[{"@type":"ListItem","position":1,"name":"Home","item":"https:\/\/jyrsa.com\/"},{"@type":"ListItem","position":2,"name":"Aviso de privacidad"}]},{"@type":"WebSite","@id":"https:\/\/jyrsa.com\/#website","url":"https:\/\/jyrsa.com\/","name":"JYRSA","description":"Cuidamos lo m\u00e1s importante","publisher":{"@id":"https:\/\/jyrsa.com\/#organization"},"potentialAction":[{"@type":"SearchAction","target":{"@type":"EntryPoint","urlTemplate":"https:\/\/jyrsa.com\/?s={search_term_string}"},"query-input":{"@type":"PropertyValueSpecification","valueRequired":true,"valueName":"search_term_string"}}],"inLanguage":"en-US"},{"@type":"Organization","@id":"https:\/\/jyrsa.com\/#organization","name":"JYRSA","url":"https:\/\/jyrsa.com\/","logo":{"@type":"ImageObject","inLanguage":"en-US","@id":"https:\/\/jyrsa.com\/#\/schema\/logo\/image\/","url":"https:\/\/jyrsa.com\/wp-content\/uploads\/2024\/10\/Logo-JYRSA-negro-03.jpg","contentUrl":"https:\/\/jyrsa.com\/wp-content\/uploads\/2024\/10\/Logo-JYRSA-negro-03.jpg","width":3034,"height":949,"caption":"JYRSA"},"image":{"@id":"https:\/\/jyrsa.com\/#\/schema\/logo\/image\/"},"sameAs":["https:\/\/www.facebook.com\/jyrsamexico\/","https:\/\/www.instagram.com\/jyrsa_oficial\/","https:\/\/www.tiktok.com\/@jyrsa_oficial","https:\/\/mx.linkedin.com\/company\/jyrsa","https:\/\/www.youtube.com\/user\/jyrsamx"]}]}},"jetpack_sharing_enabled":true,"jetpack_likes_enabled":true,"jetpack_shortlink":"https:\/\/wp.me\/Pg42xS-no","_links":{"self":[{"href":"https:\/\/jyrsa.com\/en\/wp-json\/wp\/v2\/pages\/1450","targetHints":{"allow":["GET"]}}],"collection":[{"href":"https:\/\/jyrsa.com\/en\/wp-json\/wp\/v2\/pages"}],"about":[{"href":"https:\/\/jyrsa.com\/en\/wp-json\/wp\/v2\/types\/page"}],"author":[{"embeddable":true,"href":"https:\/\/jyrsa.com\/en\/wp-json\/wp\/v2\/users\/256174138"}],"replies":[{"embeddable":true,"href":"https:\/\/jyrsa.com\/en\/wp-json\/wp\/v2\/comments?post=1450"}],"version-history":[{"count":15,"href":"https:\/\/jyrsa.com\/en\/wp-json\/wp\/v2\/pages\/1450\/revisions"}],"predecessor-version":[{"id":17954,"href":"https:\/\/jyrsa.com\/en\/wp-json\/wp\/v2\/pages\/1450\/revisions\/17954"}],"wp:attachment":[{"href":"https:\/\/jyrsa.com\/en\/wp-json\/wp\/v2\/media?parent=1450"}],"curies":[{"name":"wp","href":"https:\/\/api.w.org\/{rel}","templated":true}]}}