{"id":1458,"date":"2024-10-16T10:59:23","date_gmt":"2024-10-16T16:59:23","guid":{"rendered":"https:\/\/jyrsa.com\/?page_id=1458"},"modified":"2024-10-22T10:06:36","modified_gmt":"2024-10-22T16:06:36","slug":"politica-de-devolucion","status":"publish","type":"page","link":"https:\/\/jyrsa.com\/en\/politica-de-devolucion\/","title":{"rendered":"Return Policy"},"content":{"rendered":"<div data-elementor-type=\"wp-page\" data-elementor-id=\"1458\" class=\"elementor elementor-1458\" data-elementor-post-type=\"page\">\n\t\t\t\t<div class=\"elementor-element elementor-element-87d0aed e-flex e-con-boxed e-con e-parent\" data-id=\"87d0aed\" data-element_type=\"container\" data-e-type=\"container\">\n\t\t\t\t\t<div class=\"e-con-inner\">\n\t\t\t\t<div class=\"elementor-element elementor-element-fad40dc elementor-widget elementor-widget-spacer\" data-id=\"fad40dc\" data-element_type=\"widget\" data-e-type=\"widget\" data-widget_type=\"spacer.default\">\n\t\t\t\t<div class=\"elementor-widget-container\">\n\t\t\t\t\t\t\t<div class=\"elementor-spacer\">\n\t\t\t<div class=\"elementor-spacer-inner\"><\/div>\n\t\t<\/div>\n\t\t\t\t\t\t<\/div>\n\t\t\t\t<\/div>\n\t\t\t\t<div class=\"elementor-element elementor-element-fe812d0 elementor-widget elementor-widget-heading\" data-id=\"fe812d0\" data-element_type=\"widget\" data-e-type=\"widget\" data-widget_type=\"heading.default\">\n\t\t\t\t<div class=\"elementor-widget-container\">\n\t\t\t\t\t<h2 class=\"elementor-heading-title elementor-size-default\">Return Policy<\/h2>\t\t\t\t<\/div>\n\t\t\t\t<\/div>\n\t\t\t\t<div class=\"elementor-element elementor-element-9930af3 elementor-widget elementor-widget-spacer\" data-id=\"9930af3\" data-element_type=\"widget\" data-e-type=\"widget\" data-widget_type=\"spacer.default\">\n\t\t\t\t<div class=\"elementor-widget-container\">\n\t\t\t\t\t\t\t<div class=\"elementor-spacer\">\n\t\t\t<div class=\"elementor-spacer-inner\"><\/div>\n\t\t<\/div>\n\t\t\t\t\t\t<\/div>\n\t\t\t\t<\/div>\n\t\t\t\t<div class=\"elementor-element elementor-element-bdf029b elementor-widget elementor-widget-image\" data-id=\"bdf029b\" data-element_type=\"widget\" data-e-type=\"widget\" data-widget_type=\"image.default\">\n\t\t\t\t<div class=\"elementor-widget-container\">\n\t\t\t\t\t\t\t\t\t\t\t\t\t\t\t<img fetchpriority=\"high\" decoding=\"async\" data-attachment-id=\"4596\" data-permalink=\"https:\/\/jyrsa.com\/en\/?attachment_id=4596\" data-orig-file=\"https:\/\/jyrsa.com\/wp-content\/uploads\/2024\/10\/devoluciones-jyrsa_59.webp\" data-orig-size=\"800,254\" data-comments-opened=\"1\" data-image-meta=\"{&quot;aperture&quot;:&quot;0&quot;,&quot;credit&quot;:&quot;&quot;,&quot;camera&quot;:&quot;&quot;,&quot;caption&quot;:&quot;&quot;,&quot;created_timestamp&quot;:&quot;0&quot;,&quot;copyright&quot;:&quot;&quot;,&quot;focal_length&quot;:&quot;0&quot;,&quot;iso&quot;:&quot;0&quot;,&quot;shutter_speed&quot;:&quot;0&quot;,&quot;title&quot;:&quot;&quot;,&quot;orientation&quot;:&quot;0&quot;}\" data-image-title=\"devoluciones-jyrsa_59\" data-image-description=\"\" data-image-caption=\"\" data-medium-file=\"https:\/\/jyrsa.com\/wp-content\/uploads\/2024\/10\/devoluciones-jyrsa_59-300x95.webp\" data-large-file=\"https:\/\/jyrsa.com\/wp-content\/uploads\/2024\/10\/devoluciones-jyrsa_59.webp\" width=\"800\" height=\"254\" src=\"https:\/\/jyrsa.com\/wp-content\/uploads\/2024\/10\/devoluciones-jyrsa_59.webp\" class=\"attachment-full size-full wp-image-4596\" alt=\"\" srcset=\"https:\/\/jyrsa.com\/wp-content\/uploads\/2024\/10\/devoluciones-jyrsa_59.webp 800w, https:\/\/jyrsa.com\/wp-content\/uploads\/2024\/10\/devoluciones-jyrsa_59-300x95.webp 300w, https:\/\/jyrsa.com\/wp-content\/uploads\/2024\/10\/devoluciones-jyrsa_59-768x244.webp 768w, https:\/\/jyrsa.com\/wp-content\/uploads\/2024\/10\/devoluciones-jyrsa_59-600x191.webp 600w\" sizes=\"(max-width: 800px) 100vw, 800px\" \/>\t\t\t\t\t\t\t\t\t\t\t\t\t\t\t<\/div>\n\t\t\t\t<\/div>\n\t\t\t\t<div class=\"elementor-element elementor-element-3ae9343 elementor-widget-divider--view-line elementor-widget elementor-widget-divider\" data-id=\"3ae9343\" data-element_type=\"widget\" data-e-type=\"widget\" data-widget_type=\"divider.default\">\n\t\t\t\t<div class=\"elementor-widget-container\">\n\t\t\t\t\t\t\t<div class=\"elementor-divider\">\n\t\t\t<span class=\"elementor-divider-separator\">\n\t\t\t\t\t\t<\/span>\n\t\t<\/div>\n\t\t\t\t\t\t<\/div>\n\t\t\t\t<\/div>\n\t\t\t\t\t<\/div>\n\t\t\t\t<\/div>\n\t\t<div class=\"elementor-element elementor-element-7aa6973 e-flex e-con-boxed e-con e-parent\" data-id=\"7aa6973\" data-element_type=\"container\" data-e-type=\"container\">\n\t\t\t\t\t<div class=\"e-con-inner\">\n\t\t\t\t<div class=\"elementor-element elementor-element-b6b1662 elementor-widget elementor-widget-heading\" data-id=\"b6b1662\" data-element_type=\"widget\" data-e-type=\"widget\" data-widget_type=\"heading.default\">\n\t\t\t\t<div class=\"elementor-widget-container\">\n\t\t\t\t\t<h2 class=\"elementor-heading-title elementor-size-default\">Return Policy<\/h2>\t\t\t\t<\/div>\n\t\t\t\t<\/div>\n\t\t\t\t<div class=\"elementor-element elementor-element-e2f4065 elementor-widget elementor-widget-text-editor\" data-id=\"e2f4065\" data-element_type=\"widget\" data-e-type=\"widget\" data-widget_type=\"text-editor.default\">\n\t\t\t\t<div class=\"elementor-widget-container\">\n\t\t\t\t\t\t\t\t\t<p>1.- To request a return process, the customer must report the issue to their sales representative (clearly explaining the specific reason, and if applicable, providing photographic or video evidence). A case number (folio) will be issued through the platform and provided by the salesperson to the customer, who must place it visibly on the front of the material to be returned.<br \/><br \/>2.- JYRSA will only accept merchandise returned to its facilities with an authorization number (folio). If the box does not have the customer-provided folio number, the merchandise will not be accepted and will be returned.<br \/><br \/>3.- JYRSA will not be held responsible for merchandise sent without a folio number.<br \/><br \/>4.- A return may only be accepted within 30 days from the invoice date.<br \/><br \/>5.- JYRSA will only accept merchandise in good condition, as well as in the correct multiple or full case, exactly as invoiced (referring to boxes, packaging, and goods inside, etc.).<\/p><p>6.- In the case of returns generated due to customer error, JYRSA will charge the customer an amount equivalent to 15% of the value of the returned merchandise. This charge will be made through a debit note that the customer must settle. This includes outbound and return freight, insurance costs for transportation, damaged or missing merchandise, and any other additional charges.<br \/><br \/>7.- JYRSA commits to issuing the customer a corresponding credit note for an authorized return within a maximum of two business days from the moment the returned merchandise is physically received at our facilities.<br \/><br \/>8.- For special manufacturing or personalized products, returns will not be accepted unless due to a quality issue.<br \/><br \/>9.- JYRSA will not accept returns when the customer\u2019s order is canceled by the end user.<br \/><br \/>Effective since 2018.<\/p>\t\t\t\t\t\t\t\t<\/div>\n\t\t\t\t<\/div>\n\t\t\t\t<div class=\"elementor-element elementor-element-3c4762d elementor-widget elementor-widget-spacer\" data-id=\"3c4762d\" data-element_type=\"widget\" data-e-type=\"widget\" data-widget_type=\"spacer.default\">\n\t\t\t\t<div class=\"elementor-widget-container\">\n\t\t\t\t\t\t\t<div class=\"elementor-spacer\">\n\t\t\t<div class=\"elementor-spacer-inner\"><\/div>\n\t\t<\/div>\n\t\t\t\t\t\t<\/div>\n\t\t\t\t<\/div>\n\t\t\t\t\t<\/div>\n\t\t\t\t<\/div>\n\t\t\t\t<\/div>","protected":false},"excerpt":{"rendered":"<p>Pol\u00edtica de devoluci\u00f3n &lt;img width=&#8221;800&#8243; height=&#8221;254&#8243; src=&#8221;<a href=\"https:\/\/jyrsa.com\/wp-content\/uploads\/2024\/10\/devoluciones-jyrsa_59.webp&#038;#8221\">https:\/\/jyrsa.com\/wp-content\/uploads\/2024\/10\/devoluciones-jyrsa_59.webp&#038;#8221<\/a>; alt=&#8221;&#8221; srcset=&#8221;<a href=\"https:\/\/jyrsa.com\/wp-content\/uploads\/2024\/10\/devoluciones-jyrsa_59.webp\">https:\/\/jyrsa.com\/wp-content\/uploads\/2024\/10\/devoluciones-jyrsa_59.webp<\/a> 800w, <a href=\"https:\/\/jyrsa.com\/wp-content\/uploads\/2024\/10\/devoluciones-jyrsa_59-300&#215;95.webp\">https:\/\/jyrsa.com\/wp-content\/uploads\/2024\/10\/devoluciones-jyrsa_59-300&#215;95.webp<\/a> 300w, <a href=\"https:\/\/jyrsa.com\/wp-content\/uploads\/2024\/10\/devoluciones-jyrsa_59-768&#215;244.webp\">https:\/\/jyrsa.com\/wp-content\/uploads\/2024\/10\/devoluciones-jyrsa_59-768&#215;244.webp<\/a> 768w, <a href=\"https:\/\/jyrsa.com\/wp-content\/uploads\/2024\/10\/devoluciones-jyrsa_59-600&#215;191.webp\">https:\/\/jyrsa.com\/wp-content\/uploads\/2024\/10\/devoluciones-jyrsa_59-600&#215;191.webp<\/a> 600w&#8221; sizes=&#8221;(max-width: 800px) 100vw, 800px&#8221; \/&gt; &lt;h2&gt;Pol\u00edtica de devoluciones&lt;\/h2&gt; 1.- Para solicitar un proceso de devoluci\u00f3n, el cliente reportar\u00e1 a su ejecutivo de ventas, el problema correspondiente (deber\u00e1n explicar el motivo especifico y en su defecto con pruebas fotogr\u00e1ficas o [&hellip;]<\/p>\n","protected":false},"author":256174138,"featured_media":0,"parent":0,"menu_order":0,"comment_status":"closed","ping_status":"closed","template":"","meta":{"jetpack_post_was_ever_published":false,"footnotes":""},"class_list":["post-1458","page","type-page","status-publish","hentry"],"yoast_head":"<!-- This site is optimized with the Yoast SEO Premium plugin v24.7 (Yoast SEO v26.9) - https:\/\/yoast.com\/product\/yoast-seo-premium-wordpress\/ -->\n<title>Pol\u00edtica de devoluci\u00f3n - JYRSA<\/title>\n<meta name=\"robots\" content=\"index, follow, max-snippet:-1, max-image-preview:large, max-video-preview:-1\" \/>\n<link rel=\"canonical\" href=\"https:\/\/jyrsa.com\/en\/politica-de-devolucion\/\" \/>\n<meta property=\"og:locale\" content=\"en_US\" \/>\n<meta property=\"og:type\" content=\"article\" \/>\n<meta property=\"og:title\" content=\"Pol\u00edtica de devoluci\u00f3n\" \/>\n<meta property=\"og:description\" content=\"Pol\u00edtica de devoluci\u00f3n &lt;img width=&quot;800&quot; height=&quot;254&quot; src=&quot;https:\/\/jyrsa.com\/wp-content\/uploads\/2024\/10\/devoluciones-jyrsa_59.webp&quot; alt=&quot;&quot; srcset=&quot;https:\/\/jyrsa.com\/wp-content\/uploads\/2024\/10\/devoluciones-jyrsa_59.webp 800w, https:\/\/jyrsa.com\/wp-content\/uploads\/2024\/10\/devoluciones-jyrsa_59-300x95.webp 300w, https:\/\/jyrsa.com\/wp-content\/uploads\/2024\/10\/devoluciones-jyrsa_59-768x244.webp 768w, https:\/\/jyrsa.com\/wp-content\/uploads\/2024\/10\/devoluciones-jyrsa_59-600x191.webp 600w&quot; sizes=&quot;(max-width: 800px) 100vw, 800px&quot; \/&gt; &lt;h2&gt;Pol\u00edtica de devoluciones&lt;\/h2&gt; 1.- Para solicitar un proceso de devoluci\u00f3n, el cliente reportar\u00e1 a su ejecutivo de ventas, el problema correspondiente (deber\u00e1n explicar el motivo especifico y en su defecto con pruebas fotogr\u00e1ficas o [&hellip;]\" \/>\n<meta property=\"og:url\" content=\"https:\/\/jyrsa.com\/en\/politica-de-devolucion\/\" \/>\n<meta property=\"og:site_name\" content=\"JYRSA\" \/>\n<meta property=\"article:publisher\" content=\"https:\/\/www.facebook.com\/jyrsamexico\/\" \/>\n<meta property=\"article:modified_time\" content=\"2024-10-22T16:06:36+00:00\" \/>\n<meta name=\"twitter:card\" content=\"summary_large_image\" \/>\n<meta name=\"twitter:label1\" content=\"Est. reading time\" \/>\n\t<meta name=\"twitter:data1\" content=\"2 minutes\" \/>\n<script type=\"application\/ld+json\" class=\"yoast-schema-graph\">{\"@context\":\"https:\/\/schema.org\",\"@graph\":[{\"@type\":\"WebPage\",\"@id\":\"https:\/\/jyrsa.com\/politica-de-devolucion\/\",\"url\":\"https:\/\/jyrsa.com\/politica-de-devolucion\/\",\"name\":\"Pol\u00edtica de devoluci\u00f3n - JYRSA\",\"isPartOf\":{\"@id\":\"https:\/\/jyrsa.com\/#website\"},\"datePublished\":\"2024-10-16T16:59:23+00:00\",\"dateModified\":\"2024-10-22T16:06:36+00:00\",\"breadcrumb\":{\"@id\":\"https:\/\/jyrsa.com\/politica-de-devolucion\/#breadcrumb\"},\"inLanguage\":\"en-US\",\"potentialAction\":[{\"@type\":\"ReadAction\",\"target\":[\"https:\/\/jyrsa.com\/politica-de-devolucion\/\"]}]},{\"@type\":\"BreadcrumbList\",\"@id\":\"https:\/\/jyrsa.com\/politica-de-devolucion\/#breadcrumb\",\"itemListElement\":[{\"@type\":\"ListItem\",\"position\":1,\"name\":\"Home\",\"item\":\"https:\/\/jyrsa.com\/\"},{\"@type\":\"ListItem\",\"position\":2,\"name\":\"Pol\u00edtica de devoluci\u00f3n\"}]},{\"@type\":\"WebSite\",\"@id\":\"https:\/\/jyrsa.com\/#website\",\"url\":\"https:\/\/jyrsa.com\/\",\"name\":\"JYRSA\",\"description\":\"Cuidamos lo m\u00e1s importante\",\"publisher\":{\"@id\":\"https:\/\/jyrsa.com\/#organization\"},\"potentialAction\":[{\"@type\":\"SearchAction\",\"target\":{\"@type\":\"EntryPoint\",\"urlTemplate\":\"https:\/\/jyrsa.com\/?s={search_term_string}\"},\"query-input\":{\"@type\":\"PropertyValueSpecification\",\"valueRequired\":true,\"valueName\":\"search_term_string\"}}],\"inLanguage\":\"en-US\"},{\"@type\":\"Organization\",\"@id\":\"https:\/\/jyrsa.com\/#organization\",\"name\":\"JYRSA\",\"url\":\"https:\/\/jyrsa.com\/\",\"logo\":{\"@type\":\"ImageObject\",\"inLanguage\":\"en-US\",\"@id\":\"https:\/\/jyrsa.com\/#\/schema\/logo\/image\/\",\"url\":\"https:\/\/jyrsa.com\/wp-content\/uploads\/2024\/10\/Logo-JYRSA-negro-03.jpg\",\"contentUrl\":\"https:\/\/jyrsa.com\/wp-content\/uploads\/2024\/10\/Logo-JYRSA-negro-03.jpg\",\"width\":3034,\"height\":949,\"caption\":\"JYRSA\"},\"image\":{\"@id\":\"https:\/\/jyrsa.com\/#\/schema\/logo\/image\/\"},\"sameAs\":[\"https:\/\/www.facebook.com\/jyrsamexico\/\",\"https:\/\/www.instagram.com\/jyrsa_oficial\/\",\"https:\/\/www.tiktok.com\/@jyrsa_oficial\",\"https:\/\/mx.linkedin.com\/company\/jyrsa\",\"https:\/\/www.youtube.com\/user\/jyrsamx\"]}]}<\/script>\n<!-- \/ Yoast SEO Premium plugin. -->","yoast_head_json":{"title":"Pol\u00edtica de devoluci\u00f3n - JYRSA","robots":{"index":"index","follow":"follow","max-snippet":"max-snippet:-1","max-image-preview":"max-image-preview:large","max-video-preview":"max-video-preview:-1"},"canonical":"https:\/\/jyrsa.com\/en\/politica-de-devolucion\/","og_locale":"en_US","og_type":"article","og_title":"Pol\u00edtica de devoluci\u00f3n","og_description":"Pol\u00edtica de devoluci\u00f3n &lt;img width=\"800\" height=\"254\" src=\"https:\/\/jyrsa.com\/wp-content\/uploads\/2024\/10\/devoluciones-jyrsa_59.webp\" alt=\"\" srcset=\"https:\/\/jyrsa.com\/wp-content\/uploads\/2024\/10\/devoluciones-jyrsa_59.webp 800w, https:\/\/jyrsa.com\/wp-content\/uploads\/2024\/10\/devoluciones-jyrsa_59-300x95.webp 300w, https:\/\/jyrsa.com\/wp-content\/uploads\/2024\/10\/devoluciones-jyrsa_59-768x244.webp 768w, https:\/\/jyrsa.com\/wp-content\/uploads\/2024\/10\/devoluciones-jyrsa_59-600x191.webp 600w\" sizes=\"(max-width: 800px) 100vw, 800px\" \/&gt; &lt;h2&gt;Pol\u00edtica de devoluciones&lt;\/h2&gt; 1.- Para solicitar un proceso de devoluci\u00f3n, el cliente reportar\u00e1 a su ejecutivo de ventas, el problema correspondiente (deber\u00e1n explicar el motivo especifico y en su defecto con pruebas fotogr\u00e1ficas o [&hellip;]","og_url":"https:\/\/jyrsa.com\/en\/politica-de-devolucion\/","og_site_name":"JYRSA","article_publisher":"https:\/\/www.facebook.com\/jyrsamexico\/","article_modified_time":"2024-10-22T16:06:36+00:00","twitter_card":"summary_large_image","twitter_misc":{"Est. reading time":"2 minutes"},"schema":{"@context":"https:\/\/schema.org","@graph":[{"@type":"WebPage","@id":"https:\/\/jyrsa.com\/politica-de-devolucion\/","url":"https:\/\/jyrsa.com\/politica-de-devolucion\/","name":"Pol\u00edtica de devoluci\u00f3n - JYRSA","isPartOf":{"@id":"https:\/\/jyrsa.com\/#website"},"datePublished":"2024-10-16T16:59:23+00:00","dateModified":"2024-10-22T16:06:36+00:00","breadcrumb":{"@id":"https:\/\/jyrsa.com\/politica-de-devolucion\/#breadcrumb"},"inLanguage":"en-US","potentialAction":[{"@type":"ReadAction","target":["https:\/\/jyrsa.com\/politica-de-devolucion\/"]}]},{"@type":"BreadcrumbList","@id":"https:\/\/jyrsa.com\/politica-de-devolucion\/#breadcrumb","itemListElement":[{"@type":"ListItem","position":1,"name":"Home","item":"https:\/\/jyrsa.com\/"},{"@type":"ListItem","position":2,"name":"Pol\u00edtica de devoluci\u00f3n"}]},{"@type":"WebSite","@id":"https:\/\/jyrsa.com\/#website","url":"https:\/\/jyrsa.com\/","name":"JYRSA","description":"Cuidamos lo m\u00e1s importante","publisher":{"@id":"https:\/\/jyrsa.com\/#organization"},"potentialAction":[{"@type":"SearchAction","target":{"@type":"EntryPoint","urlTemplate":"https:\/\/jyrsa.com\/?s={search_term_string}"},"query-input":{"@type":"PropertyValueSpecification","valueRequired":true,"valueName":"search_term_string"}}],"inLanguage":"en-US"},{"@type":"Organization","@id":"https:\/\/jyrsa.com\/#organization","name":"JYRSA","url":"https:\/\/jyrsa.com\/","logo":{"@type":"ImageObject","inLanguage":"en-US","@id":"https:\/\/jyrsa.com\/#\/schema\/logo\/image\/","url":"https:\/\/jyrsa.com\/wp-content\/uploads\/2024\/10\/Logo-JYRSA-negro-03.jpg","contentUrl":"https:\/\/jyrsa.com\/wp-content\/uploads\/2024\/10\/Logo-JYRSA-negro-03.jpg","width":3034,"height":949,"caption":"JYRSA"},"image":{"@id":"https:\/\/jyrsa.com\/#\/schema\/logo\/image\/"},"sameAs":["https:\/\/www.facebook.com\/jyrsamexico\/","https:\/\/www.instagram.com\/jyrsa_oficial\/","https:\/\/www.tiktok.com\/@jyrsa_oficial","https:\/\/mx.linkedin.com\/company\/jyrsa","https:\/\/www.youtube.com\/user\/jyrsamx"]}]}},"jetpack_sharing_enabled":true,"jetpack_likes_enabled":true,"jetpack_shortlink":"https:\/\/wp.me\/Pg42xS-nw","_links":{"self":[{"href":"https:\/\/jyrsa.com\/en\/wp-json\/wp\/v2\/pages\/1458","targetHints":{"allow":["GET"]}}],"collection":[{"href":"https:\/\/jyrsa.com\/en\/wp-json\/wp\/v2\/pages"}],"about":[{"href":"https:\/\/jyrsa.com\/en\/wp-json\/wp\/v2\/types\/page"}],"author":[{"embeddable":true,"href":"https:\/\/jyrsa.com\/en\/wp-json\/wp\/v2\/users\/256174138"}],"replies":[{"embeddable":true,"href":"https:\/\/jyrsa.com\/en\/wp-json\/wp\/v2\/comments?post=1458"}],"version-history":[{"count":8,"href":"https:\/\/jyrsa.com\/en\/wp-json\/wp\/v2\/pages\/1458\/revisions"}],"predecessor-version":[{"id":4758,"href":"https:\/\/jyrsa.com\/en\/wp-json\/wp\/v2\/pages\/1458\/revisions\/4758"}],"wp:attachment":[{"href":"https:\/\/jyrsa.com\/en\/wp-json\/wp\/v2\/media?parent=1458"}],"curies":[{"name":"wp","href":"https:\/\/api.w.org\/{rel}","templated":true}]}}