{"id":1459,"date":"2024-10-16T10:59:29","date_gmt":"2024-10-16T16:59:29","guid":{"rendered":"https:\/\/jyrsa.com\/?page_id=1459"},"modified":"2024-10-22T09:29:28","modified_gmt":"2024-10-22T15:29:28","slug":"consejos-para-recepcion-de-paqueteria","status":"publish","type":"page","link":"https:\/\/jyrsa.com\/en\/consejos-para-recepcion-de-paqueteria\/","title":{"rendered":"Tips for Receiving Parcels"},"content":{"rendered":"<div data-elementor-type=\"wp-page\" data-elementor-id=\"1459\" class=\"elementor elementor-1459\" data-elementor-post-type=\"page\">\n\t\t\t\t<div class=\"elementor-element elementor-element-74dffa79 e-flex e-con-boxed e-con e-parent\" data-id=\"74dffa79\" data-element_type=\"container\">\n\t\t\t\t\t<div class=\"e-con-inner\">\n\t\t\t\t<div class=\"elementor-element elementor-element-66981a75 elementor-widget elementor-widget-spacer\" data-id=\"66981a75\" data-element_type=\"widget\" data-widget_type=\"spacer.default\">\n\t\t\t\t<div class=\"elementor-widget-container\">\n\t\t\t\t\t\t\t<div class=\"elementor-spacer\">\n\t\t\t<div class=\"elementor-spacer-inner\"><\/div>\n\t\t<\/div>\n\t\t\t\t\t\t<\/div>\n\t\t\t\t<\/div>\n\t\t\t\t<div class=\"elementor-element elementor-element-66404c43 elementor-widget__width-initial elementor-widget elementor-widget-heading\" data-id=\"66404c43\" data-element_type=\"widget\" data-widget_type=\"heading.default\">\n\t\t\t\t<div class=\"elementor-widget-container\">\n\t\t\t\t\t<h2 class=\"elementor-heading-title elementor-size-default\">Tips for Receiving Parcels<\/h2>\t\t\t\t<\/div>\n\t\t\t\t<\/div>\n\t\t\t\t<div class=\"elementor-element elementor-element-3922f418 elementor-widget elementor-widget-spacer\" data-id=\"3922f418\" data-element_type=\"widget\" data-widget_type=\"spacer.default\">\n\t\t\t\t<div class=\"elementor-widget-container\">\n\t\t\t\t\t\t\t<div class=\"elementor-spacer\">\n\t\t\t<div class=\"elementor-spacer-inner\"><\/div>\n\t\t<\/div>\n\t\t\t\t\t\t<\/div>\n\t\t\t\t<\/div>\n\t\t\t\t<div class=\"elementor-element elementor-element-30682bcf elementor-widget elementor-widget-image\" data-id=\"30682bcf\" data-element_type=\"widget\" data-widget_type=\"image.default\">\n\t\t\t\t<div class=\"elementor-widget-container\">\n\t\t\t\t\t\t\t\t\t\t\t\t\t\t\t<img fetchpriority=\"high\" decoding=\"async\" data-attachment-id=\"4629\" data-permalink=\"https:\/\/jyrsa.com\/en\/consejos-para-recepcion-de-paqueteria\/paquetes-jyrsa_80\/\" data-orig-file=\"https:\/\/jyrsa.com\/wp-content\/uploads\/2024\/10\/paquetes-jyrsa_80.webp\" data-orig-size=\"800,200\" data-comments-opened=\"1\" data-image-meta=\"{&quot;aperture&quot;:&quot;0&quot;,&quot;credit&quot;:&quot;&quot;,&quot;camera&quot;:&quot;&quot;,&quot;caption&quot;:&quot;&quot;,&quot;created_timestamp&quot;:&quot;0&quot;,&quot;copyright&quot;:&quot;&quot;,&quot;focal_length&quot;:&quot;0&quot;,&quot;iso&quot;:&quot;0&quot;,&quot;shutter_speed&quot;:&quot;0&quot;,&quot;title&quot;:&quot;&quot;,&quot;orientation&quot;:&quot;0&quot;}\" data-image-title=\"paquetes-jyrsa_80\" data-image-description=\"\" data-image-caption=\"\" data-medium-file=\"https:\/\/jyrsa.com\/wp-content\/uploads\/2024\/10\/paquetes-jyrsa_80-300x75.webp\" data-large-file=\"https:\/\/jyrsa.com\/wp-content\/uploads\/2024\/10\/paquetes-jyrsa_80.webp\" width=\"800\" height=\"200\" src=\"https:\/\/jyrsa.com\/wp-content\/uploads\/2024\/10\/paquetes-jyrsa_80.webp\" class=\"attachment-full size-full wp-image-4629\" alt=\"\" srcset=\"https:\/\/jyrsa.com\/wp-content\/uploads\/2024\/10\/paquetes-jyrsa_80.webp 800w, https:\/\/jyrsa.com\/wp-content\/uploads\/2024\/10\/paquetes-jyrsa_80-300x75.webp 300w, https:\/\/jyrsa.com\/wp-content\/uploads\/2024\/10\/paquetes-jyrsa_80-768x192.webp 768w, https:\/\/jyrsa.com\/wp-content\/uploads\/2024\/10\/paquetes-jyrsa_80-600x150.webp 600w\" sizes=\"(max-width: 800px) 100vw, 800px\" \/>\t\t\t\t\t\t\t\t\t\t\t\t\t\t\t<\/div>\n\t\t\t\t<\/div>\n\t\t\t\t<div class=\"elementor-element elementor-element-3ec6052c elementor-widget-divider--view-line elementor-widget elementor-widget-divider\" data-id=\"3ec6052c\" data-element_type=\"widget\" data-widget_type=\"divider.default\">\n\t\t\t\t<div class=\"elementor-widget-container\">\n\t\t\t\t\t\t\t<div class=\"elementor-divider\">\n\t\t\t<span class=\"elementor-divider-separator\">\n\t\t\t\t\t\t<\/span>\n\t\t<\/div>\n\t\t\t\t\t\t<\/div>\n\t\t\t\t<\/div>\n\t\t<div class=\"elementor-element elementor-element-ce7c0f8 e-con-full e-flex e-con e-child\" data-id=\"ce7c0f8\" data-element_type=\"container\">\n\t\t<div class=\"elementor-element elementor-element-878a19b e-con-full e-flex e-con e-child\" data-id=\"878a19b\" data-element_type=\"container\">\n\t\t\t\t<div class=\"elementor-element elementor-element-2bcefdd elementor-widget elementor-widget-heading\" data-id=\"2bcefdd\" data-element_type=\"widget\" data-widget_type=\"heading.default\">\n\t\t\t\t<div class=\"elementor-widget-container\">\n\t\t\t\t\t<h2 class=\"elementor-heading-title elementor-size-default\">Shipping Insurance<\/h2>\t\t\t\t<\/div>\n\t\t\t\t<\/div>\n\t\t\t\t<div class=\"elementor-element elementor-element-17f3c07 elementor-widget elementor-widget-text-editor\" data-id=\"17f3c07\" data-element_type=\"widget\" data-widget_type=\"text-editor.default\">\n\t\t\t\t<div class=\"elementor-widget-container\">\n\t\t\t\t\t\t\t\t\t<p>To provide you with better service, please note that all out-of-town shipments requested by our Distributors must be insured without exception using any available shipping options, as JYRSA\u00ae is not responsible for transportation via courier services.<\/p>\t\t\t\t\t\t\t\t<\/div>\n\t\t\t\t<\/div>\n\t\t\t\t<\/div>\n\t\t<div class=\"elementor-element elementor-element-582c0ea e-con-full e-flex e-con e-child\" data-id=\"582c0ea\" data-element_type=\"container\">\n\t\t\t\t<div class=\"elementor-element elementor-element-f25fdc3 elementor-widget elementor-widget-heading\" data-id=\"f25fdc3\" data-element_type=\"widget\" data-widget_type=\"heading.default\">\n\t\t\t\t<div class=\"elementor-widget-container\">\n\t\t\t\t\t<h2 class=\"elementor-heading-title elementor-size-default\">Tips for Receiving Parcels<\/h2>\t\t\t\t<\/div>\n\t\t\t\t<\/div>\n\t\t\t\t<div class=\"elementor-element elementor-element-b2e6723 elementor-widget elementor-widget-text-editor\" data-id=\"b2e6723\" data-element_type=\"widget\" data-widget_type=\"text-editor.default\">\n\t\t\t\t<div class=\"elementor-widget-container\">\n\t\t\t\t\t\t\t\t\t<p>Please consider the following recommendations when receiving your order through any of the couriers we use.<\/p>\t\t\t\t\t\t\t\t<\/div>\n\t\t\t\t<\/div>\n\t\t\t\t<\/div>\n\t\t\t\t<\/div>\n\t\t<div class=\"elementor-element elementor-element-c14c3d8 e-con-full e-flex e-con e-child\" data-id=\"c14c3d8\" data-element_type=\"container\">\n\t\t<div class=\"elementor-element elementor-element-56dd391 e-con-full e-flex e-con e-child\" data-id=\"56dd391\" data-element_type=\"container\">\n\t\t\t\t<div class=\"elementor-element elementor-element-eda884f elementor-widget elementor-widget-heading\" data-id=\"eda884f\" data-element_type=\"widget\" data-widget_type=\"heading.default\">\n\t\t\t\t<div class=\"elementor-widget-container\">\n\t\t\t\t\t<h2 class=\"elementor-heading-title elementor-size-default\">Receiving<\/h2>\t\t\t\t<\/div>\n\t\t\t\t<\/div>\n\t\t\t\t<div class=\"elementor-element elementor-element-2ec5a72 elementor-widget elementor-widget-text-editor\" data-id=\"2ec5a72\" data-element_type=\"widget\" data-widget_type=\"text-editor.default\">\n\t\t\t\t<div class=\"elementor-widget-container\">\n\t\t\t\t\t\t\t\t\t<p style=\"text-align: left;\">Before opening your packages and signing for receipt, verify the following:<\/p><ul><li>All package labels must be in your name.<\/li><\/ul><p>\u00a0<\/p><ul><li>Packaging must not be torn or wet.<\/li><\/ul><p>\u00a0<\/p><ul><li>Security seals must not be broken.<\/li><\/ul><p>\u00a0<\/p><ul><li>The number of packages must match the \u201cDelivery Report.\u201d<\/li><\/ul>\t\t\t\t\t\t\t\t<\/div>\n\t\t\t\t<\/div>\n\t\t\t\t<\/div>\n\t\t<div class=\"elementor-element elementor-element-bc03e2f e-con-full e-flex e-con e-child\" data-id=\"bc03e2f\" data-element_type=\"container\">\n\t\t\t\t<div class=\"elementor-element elementor-element-2a35717 elementor-widget elementor-widget-heading\" data-id=\"2a35717\" data-element_type=\"widget\" data-widget_type=\"heading.default\">\n\t\t\t\t<div class=\"elementor-widget-container\">\n\t\t\t\t\t<h2 class=\"elementor-heading-title elementor-size-default\">Detecting Irregularities<\/h2>\t\t\t\t<\/div>\n\t\t\t\t<\/div>\n\t\t\t\t<div class=\"elementor-element elementor-element-af510c7 elementor-widget elementor-widget-text-editor\" data-id=\"af510c7\" data-element_type=\"widget\" data-widget_type=\"text-editor.default\">\n\t\t\t\t<div class=\"elementor-widget-container\">\n\t\t\t\t\t\t\t\t\t<p>If any package shows a broken security seal:<\/p><ol><li>It is very important to MAKE NOTES ON THE CARRIER'S WAYBILL INDICATING THE CONDITION OF RECEIPT.<\/li><li>Notify the driver making the delivery and ask them to wait while you check the merchandise in their presence. If the driver refuses:<\/li><\/ol><ul><li>DO NOT SIGN FOR RECEIPT. Otherwise, any subsequent claim will be INVALID.<\/li><li>Request the courier employee to return the package and immediately contact us to file a report and have your package resent.<\/li><\/ul>\t\t\t\t\t\t\t\t<\/div>\n\t\t\t\t<\/div>\n\t\t\t\t<\/div>\n\t\t\t\t<\/div>\n\t\t<div class=\"elementor-element elementor-element-4934803 e-con-full e-flex e-con e-child\" data-id=\"4934803\" data-element_type=\"container\">\n\t\t<div class=\"elementor-element elementor-element-ecf13f3 e-con-full e-flex e-con e-child\" data-id=\"ecf13f3\" data-element_type=\"container\">\n\t\t\t\t<div class=\"elementor-element elementor-element-77097fa elementor-widget elementor-widget-heading\" data-id=\"77097fa\" data-element_type=\"widget\" data-widget_type=\"heading.default\">\n\t\t\t\t<div class=\"elementor-widget-container\">\n\t\t\t\t\t<h2 class=\"elementor-heading-title elementor-size-default\">Additional Actions<\/h2>\t\t\t\t<\/div>\n\t\t\t\t<\/div>\n\t\t\t\t<div class=\"elementor-element elementor-element-5d5e7e6 elementor-widget elementor-widget-text-editor\" data-id=\"5d5e7e6\" data-element_type=\"widget\" data-widget_type=\"text-editor.default\">\n\t\t\t\t<div class=\"elementor-widget-container\">\n\t\t\t\t\t\t\t\t\t<p>If you choose to accept the merchandise, it is important to take photos before opening the package and make notes on the Carrier\u2019s Waybill describing the condition of the shipment:<\/p><p>Number of packages and identify any damaged, broken, or tape-altered packages (different from the tape used by JYRSA\u00ae, usually brown tape).<\/p><ul><li>Send a photo of the product label and the Waybill label.<\/li><li>Take photos of the top, bottom, and sides of the package (box or bundle), ensuring clarity and good resolution.<\/li><li>If you notice damage upon receipt and still decide to keep the merchandise, make a note on the Waybill and keep a copy to scan and send to us when filing the claim.<\/li><li>Contact us immediately to file a report. Claims are only accepted within three days of receiving the package.<\/li><\/ul>\t\t\t\t\t\t\t\t<\/div>\n\t\t\t\t<\/div>\n\t\t\t\t<\/div>\n\t\t\t\t<\/div>\n\t\t\t\t\t<\/div>\n\t\t\t\t<\/div>\n\t\t\t\t<\/div>","protected":false},"excerpt":{"rendered":"<p>Consejos para recepci\u00f3n de paqueter\u00eda &lt;img width=&#8221;800&#8243; height=&#8221;200&#8243; src=&#8221;<a href=\"https:\/\/jyrsa.com\/wp-content\/uploads\/2024\/10\/paquetes-jyrsa_80.webp&#038;#8221\">https:\/\/jyrsa.com\/wp-content\/uploads\/2024\/10\/paquetes-jyrsa_80.webp&#038;#8221<\/a>; alt=&#8221;&#8221; srcset=&#8221;<a href=\"https:\/\/jyrsa.com\/wp-content\/uploads\/2024\/10\/paquetes-jyrsa_80.webp\">https:\/\/jyrsa.com\/wp-content\/uploads\/2024\/10\/paquetes-jyrsa_80.webp<\/a> 800w, <a href=\"https:\/\/jyrsa.com\/wp-content\/uploads\/2024\/10\/paquetes-jyrsa_80-300&#215;75.webp\">https:\/\/jyrsa.com\/wp-content\/uploads\/2024\/10\/paquetes-jyrsa_80-300&#215;75.webp<\/a> 300w, <a href=\"https:\/\/jyrsa.com\/wp-content\/uploads\/2024\/10\/paquetes-jyrsa_80-768&#215;192.webp\">https:\/\/jyrsa.com\/wp-content\/uploads\/2024\/10\/paquetes-jyrsa_80-768&#215;192.webp<\/a> 768w, <a href=\"https:\/\/jyrsa.com\/wp-content\/uploads\/2024\/10\/paquetes-jyrsa_80-600&#215;150.webp\">https:\/\/jyrsa.com\/wp-content\/uploads\/2024\/10\/paquetes-jyrsa_80-600&#215;150.webp<\/a> 600w&rdquo; sizes=&rdquo;(max-width: 800px) 100vw, 800px&rdquo; \/&gt; &lt;h2&gt;Shipping Insurance&lt;\/h2&gt; Con el fin de brindarte un mejor servicio, te recordamos que todos los env&iacute;os for&aacute;neos solicitados por nuestros Distribuidores, deber&aacute;n ir asegurados sin excepci&oacute;n por parte de las diversas [&hellip;]<\/p>","protected":false},"author":256174138,"featured_media":0,"parent":0,"menu_order":0,"comment_status":"closed","ping_status":"closed","template":"","meta":{"jetpack_post_was_ever_published":false,"footnotes":""},"class_list":["post-1459","page","type-page","status-publish","hentry"],"yoast_head":"<!-- This site is optimized with the Yoast SEO Premium plugin v24.7 (Yoast SEO v26.6) - https:\/\/yoast.com\/wordpress\/plugins\/seo\/ -->\n<title>Consejos para recepci\u00f3n de paqueter\u00eda - JYRSA<\/title>\n<meta name=\"robots\" content=\"index, follow, max-snippet:-1, max-image-preview:large, max-video-preview:-1\" \/>\n<link rel=\"canonical\" href=\"https:\/\/jyrsa.com\/en\/consejos-para-recepcion-de-paqueteria\/\" \/>\n<meta property=\"og:locale\" content=\"en_US\" \/>\n<meta property=\"og:type\" content=\"article\" \/>\n<meta property=\"og:title\" content=\"Consejos para recepci\u00f3n de paqueter\u00eda\" \/>\n<meta property=\"og:description\" content=\"Consejos para recepci\u00f3n de paqueter\u00eda &lt;img width=&quot;800&quot; height=&quot;200&quot; src=&quot;https:\/\/jyrsa.com\/wp-content\/uploads\/2024\/10\/paquetes-jyrsa_80.webp&quot; alt=&quot;&quot; srcset=&quot;https:\/\/jyrsa.com\/wp-content\/uploads\/2024\/10\/paquetes-jyrsa_80.webp 800w, https:\/\/jyrsa.com\/wp-content\/uploads\/2024\/10\/paquetes-jyrsa_80-300x75.webp 300w, https:\/\/jyrsa.com\/wp-content\/uploads\/2024\/10\/paquetes-jyrsa_80-768x192.webp 768w, https:\/\/jyrsa.com\/wp-content\/uploads\/2024\/10\/paquetes-jyrsa_80-600x150.webp 600w&quot; sizes=&quot;(max-width: 800px) 100vw, 800px&quot; \/&gt; &lt;h2&gt;Seguro de paqueter\u00eda&lt;\/h2&gt; Con el fin de brindarte un mejor servicio, te recordamos que todos los env\u00edos for\u00e1neos solicitados por nuestros Distribuidores, deber\u00e1n ir asegurados sin excepci\u00f3n por parte de las diversas [&hellip;]\" \/>\n<meta property=\"og:url\" content=\"https:\/\/jyrsa.com\/en\/consejos-para-recepcion-de-paqueteria\/\" \/>\n<meta property=\"og:site_name\" content=\"JYRSA\" \/>\n<meta property=\"article:publisher\" content=\"https:\/\/www.facebook.com\/jyrsamexico\/\" \/>\n<meta property=\"article:modified_time\" content=\"2024-10-22T15:29:28+00:00\" \/>\n<meta name=\"twitter:card\" content=\"summary_large_image\" \/>\n<meta name=\"twitter:label1\" content=\"Est. reading time\" \/>\n\t<meta name=\"twitter:data1\" content=\"3 minutes\" \/>\n<script type=\"application\/ld+json\" class=\"yoast-schema-graph\">{\"@context\":\"https:\/\/schema.org\",\"@graph\":[{\"@type\":\"WebPage\",\"@id\":\"https:\/\/jyrsa.com\/consejos-para-recepcion-de-paqueteria\/\",\"url\":\"https:\/\/jyrsa.com\/consejos-para-recepcion-de-paqueteria\/\",\"name\":\"Consejos para recepci\u00f3n de paqueter\u00eda - JYRSA\",\"isPartOf\":{\"@id\":\"https:\/\/jyrsa.com\/#website\"},\"datePublished\":\"2024-10-16T16:59:29+00:00\",\"dateModified\":\"2024-10-22T15:29:28+00:00\",\"breadcrumb\":{\"@id\":\"https:\/\/jyrsa.com\/consejos-para-recepcion-de-paqueteria\/#breadcrumb\"},\"inLanguage\":\"en-US\",\"potentialAction\":[{\"@type\":\"ReadAction\",\"target\":[\"https:\/\/jyrsa.com\/consejos-para-recepcion-de-paqueteria\/\"]}]},{\"@type\":\"BreadcrumbList\",\"@id\":\"https:\/\/jyrsa.com\/consejos-para-recepcion-de-paqueteria\/#breadcrumb\",\"itemListElement\":[{\"@type\":\"ListItem\",\"position\":1,\"name\":\"Home\",\"item\":\"https:\/\/jyrsa.com\/\"},{\"@type\":\"ListItem\",\"position\":2,\"name\":\"Consejos para recepci\u00f3n de paqueter\u00eda\"}]},{\"@type\":\"WebSite\",\"@id\":\"https:\/\/jyrsa.com\/#website\",\"url\":\"https:\/\/jyrsa.com\/\",\"name\":\"JYRSA\",\"description\":\"Cuidamos lo m\u00e1s importante\",\"publisher\":{\"@id\":\"https:\/\/jyrsa.com\/#organization\"},\"potentialAction\":[{\"@type\":\"SearchAction\",\"target\":{\"@type\":\"EntryPoint\",\"urlTemplate\":\"https:\/\/jyrsa.com\/?s={search_term_string}\"},\"query-input\":{\"@type\":\"PropertyValueSpecification\",\"valueRequired\":true,\"valueName\":\"search_term_string\"}}],\"inLanguage\":\"en-US\"},{\"@type\":\"Organization\",\"@id\":\"https:\/\/jyrsa.com\/#organization\",\"name\":\"JYRSA\",\"url\":\"https:\/\/jyrsa.com\/\",\"logo\":{\"@type\":\"ImageObject\",\"inLanguage\":\"en-US\",\"@id\":\"https:\/\/jyrsa.com\/#\/schema\/logo\/image\/\",\"url\":\"https:\/\/jyrsa.com\/wp-content\/uploads\/2024\/10\/Logo-JYRSA-negro-03.jpg\",\"contentUrl\":\"https:\/\/jyrsa.com\/wp-content\/uploads\/2024\/10\/Logo-JYRSA-negro-03.jpg\",\"width\":3034,\"height\":949,\"caption\":\"JYRSA\"},\"image\":{\"@id\":\"https:\/\/jyrsa.com\/#\/schema\/logo\/image\/\"},\"sameAs\":[\"https:\/\/www.facebook.com\/jyrsamexico\/\",\"https:\/\/www.instagram.com\/jyrsa_oficial\/\",\"https:\/\/www.tiktok.com\/@jyrsa_oficial\",\"https:\/\/mx.linkedin.com\/company\/jyrsa\",\"https:\/\/www.youtube.com\/user\/jyrsamx\"]}]}<\/script>\n<!-- \/ Yoast SEO Premium plugin. -->","yoast_head_json":{"title":"Consejos para recepci\u00f3n de paqueter\u00eda - JYRSA","robots":{"index":"index","follow":"follow","max-snippet":"max-snippet:-1","max-image-preview":"max-image-preview:large","max-video-preview":"max-video-preview:-1"},"canonical":"https:\/\/jyrsa.com\/en\/consejos-para-recepcion-de-paqueteria\/","og_locale":"en_US","og_type":"article","og_title":"Consejos para recepci\u00f3n de paqueter\u00eda","og_description":"Consejos para recepci\u00f3n de paqueter\u00eda &lt;img width=\"800\" height=\"200\" src=\"https:\/\/jyrsa.com\/wp-content\/uploads\/2024\/10\/paquetes-jyrsa_80.webp\" alt=\"\" srcset=\"https:\/\/jyrsa.com\/wp-content\/uploads\/2024\/10\/paquetes-jyrsa_80.webp 800w, https:\/\/jyrsa.com\/wp-content\/uploads\/2024\/10\/paquetes-jyrsa_80-300x75.webp 300w, https:\/\/jyrsa.com\/wp-content\/uploads\/2024\/10\/paquetes-jyrsa_80-768x192.webp 768w, https:\/\/jyrsa.com\/wp-content\/uploads\/2024\/10\/paquetes-jyrsa_80-600x150.webp 600w\" sizes=\"(max-width: 800px) 100vw, 800px\" \/&gt; &lt;h2&gt;Seguro de paqueter\u00eda&lt;\/h2&gt; Con el fin de brindarte un mejor servicio, te recordamos que todos los env\u00edos for\u00e1neos solicitados por nuestros Distribuidores, deber\u00e1n ir asegurados sin excepci\u00f3n por parte de las diversas [&hellip;]","og_url":"https:\/\/jyrsa.com\/en\/consejos-para-recepcion-de-paqueteria\/","og_site_name":"JYRSA","article_publisher":"https:\/\/www.facebook.com\/jyrsamexico\/","article_modified_time":"2024-10-22T15:29:28+00:00","twitter_card":"summary_large_image","twitter_misc":{"Est. reading time":"3 minutes"},"schema":{"@context":"https:\/\/schema.org","@graph":[{"@type":"WebPage","@id":"https:\/\/jyrsa.com\/consejos-para-recepcion-de-paqueteria\/","url":"https:\/\/jyrsa.com\/consejos-para-recepcion-de-paqueteria\/","name":"Consejos para recepci\u00f3n de paqueter\u00eda - JYRSA","isPartOf":{"@id":"https:\/\/jyrsa.com\/#website"},"datePublished":"2024-10-16T16:59:29+00:00","dateModified":"2024-10-22T15:29:28+00:00","breadcrumb":{"@id":"https:\/\/jyrsa.com\/consejos-para-recepcion-de-paqueteria\/#breadcrumb"},"inLanguage":"en-US","potentialAction":[{"@type":"ReadAction","target":["https:\/\/jyrsa.com\/consejos-para-recepcion-de-paqueteria\/"]}]},{"@type":"BreadcrumbList","@id":"https:\/\/jyrsa.com\/consejos-para-recepcion-de-paqueteria\/#breadcrumb","itemListElement":[{"@type":"ListItem","position":1,"name":"Home","item":"https:\/\/jyrsa.com\/"},{"@type":"ListItem","position":2,"name":"Consejos para recepci\u00f3n de paqueter\u00eda"}]},{"@type":"WebSite","@id":"https:\/\/jyrsa.com\/#website","url":"https:\/\/jyrsa.com\/","name":"JYRSA","description":"Cuidamos lo m\u00e1s importante","publisher":{"@id":"https:\/\/jyrsa.com\/#organization"},"potentialAction":[{"@type":"SearchAction","target":{"@type":"EntryPoint","urlTemplate":"https:\/\/jyrsa.com\/?s={search_term_string}"},"query-input":{"@type":"PropertyValueSpecification","valueRequired":true,"valueName":"search_term_string"}}],"inLanguage":"en-US"},{"@type":"Organization","@id":"https:\/\/jyrsa.com\/#organization","name":"JYRSA","url":"https:\/\/jyrsa.com\/","logo":{"@type":"ImageObject","inLanguage":"en-US","@id":"https:\/\/jyrsa.com\/#\/schema\/logo\/image\/","url":"https:\/\/jyrsa.com\/wp-content\/uploads\/2024\/10\/Logo-JYRSA-negro-03.jpg","contentUrl":"https:\/\/jyrsa.com\/wp-content\/uploads\/2024\/10\/Logo-JYRSA-negro-03.jpg","width":3034,"height":949,"caption":"JYRSA"},"image":{"@id":"https:\/\/jyrsa.com\/#\/schema\/logo\/image\/"},"sameAs":["https:\/\/www.facebook.com\/jyrsamexico\/","https:\/\/www.instagram.com\/jyrsa_oficial\/","https:\/\/www.tiktok.com\/@jyrsa_oficial","https:\/\/mx.linkedin.com\/company\/jyrsa","https:\/\/www.youtube.com\/user\/jyrsamx"]}]}},"jetpack_sharing_enabled":true,"jetpack_likes_enabled":true,"jetpack_shortlink":"https:\/\/wp.me\/Pg42xS-nx","_links":{"self":[{"href":"https:\/\/jyrsa.com\/en\/wp-json\/wp\/v2\/pages\/1459","targetHints":{"allow":["GET"]}}],"collection":[{"href":"https:\/\/jyrsa.com\/en\/wp-json\/wp\/v2\/pages"}],"about":[{"href":"https:\/\/jyrsa.com\/en\/wp-json\/wp\/v2\/types\/page"}],"author":[{"embeddable":true,"href":"https:\/\/jyrsa.com\/en\/wp-json\/wp\/v2\/users\/256174138"}],"replies":[{"embeddable":true,"href":"https:\/\/jyrsa.com\/en\/wp-json\/wp\/v2\/comments?post=1459"}],"version-history":[{"count":85,"href":"https:\/\/jyrsa.com\/en\/wp-json\/wp\/v2\/pages\/1459\/revisions"}],"predecessor-version":[{"id":4710,"href":"https:\/\/jyrsa.com\/en\/wp-json\/wp\/v2\/pages\/1459\/revisions\/4710"}],"wp:attachment":[{"href":"https:\/\/jyrsa.com\/en\/wp-json\/wp\/v2\/media?parent=1459"}],"curies":[{"name":"wp","href":"https:\/\/api.w.org\/{rel}","templated":true}]}}