{"id":15599,"date":"2025-01-14T11:20:43","date_gmt":"2025-01-14T17:20:43","guid":{"rendered":"https:\/\/jyrsa.com\/?post_type=product&#038;p=15599"},"modified":"2025-08-14T17:43:02","modified_gmt":"2025-08-14T23:43:02","slug":"ss-p10ay","status":"publish","type":"product","link":"https:\/\/jyrsa.com\/en\/product\/ss-p10ay\/","title":{"rendered":"SS-P10AY"},"content":{"rendered":"<p><strong> Funci\u00f3n: <\/strong><br \/>Equipo de protecci\u00f3n contra ca\u00eddas de altura. Excelente para trabajos en altura<br \/>\ny situaciones de rescate.<\/p>\n<p><strong> Caracter\u00edsticas: <\/strong><br \/>\u2022 Arn\u00e9s con bandas (eslingas) de poli\u00e9ster con propiedades de alta visibilidad<br \/>\npara mayor identificaci\u00f3n.<br \/>\n\u2022 Herrajes de aluminio m\u00e1s ligeros y con recubrimiento para mayor<br \/>\ndurabilidad.<br \/>\n\u2022 Hebillas pl\u00e1sticas de ajuste de liberaci\u00f3n r\u00e1pida y de ajuste fijo.<br \/>\n\u2022 Nuevo descansa ganchos en forma triangular.<br \/>\n\u2022 Cuenta con etiquetas de inspecci\u00f3n.<br \/>\n\u2022 Indicadores de ca\u00edda.<br \/>\n\u2022 Ajustes el\u00e1sticos para retenci\u00f3n de sobrante de banda (eslinga).<br \/>\n\u2022 Nuevo dise\u00f1o de costuras reforzadas.<br \/>\n\u2022 Nuevo dise\u00f1o de correa subp\u00e9lvica para un mejor soporte y confort.<br \/>\n\u2022 Capacidad m\u00e1xima con herramientas: 140 kg.<br \/>\n\u2022 Talla ajustable: CH &#8211; 2XL.<br \/>\n\u2022 De acuerdo a la NOM-009-STPS-2011-4.33<br \/>\n\u2022 Arneses certificados bajo la Norma ANSI Z359.11.2014<br \/> <a href=\"https:\/\/jyrsa.com\/wp-content\/uploads\/SS-P10AY.pdf\" download><br \/>\n<img decoding=\"async\" src=\"https:\/\/jyrsa.com\/wp-content\/uploads\/Banner-Descargar-ficha-tecnica-pagina-de-productos.png\"\nalt=\"Descargar Ficha T\u00e9cnica\"\nstyle=\"width: 150px; height: 70px; vertical-align: middle; margin-right: 10px;\" \/><\/a><\/p>","protected":false},"excerpt":{"rendered":"<p><strong>Arn\u00e9s de cuerpo completo con anillos \u201cD\u201d diel\u00e9ctricos en espalda, pecho y costados.<\/strong><br \/><i> Full body harness with dielectric &#8220;D&#8221; rings on the back, chest, and sides.<\/i><\/p>","protected":false},"featured_media":15821,"template":"","meta":{"jetpack_post_was_ever_published":false,"jetpack_publicize_message":"","jetpack_publicize_feature_enabled":true,"jetpack_social_post_already_shared":true,"jetpack_social_options":{"image_generator_settings":{"template":"highway","default_image_id":0,"font":"","enabled":false},"version":2},"_wpas_customize_per_network":false},"product_brand":[],"product_cat":[31],"product_tag":[],"class_list":{"0":"post-15599","1":"product","2":"type-product","3":"status-publish","4":"has-post-thumbnail","6":"product_cat-proteccion-contra-caidas","8":"first","9":"outofstock","10":"shipping-taxable","11":"product-type-simple"},"yoast_head":"<!-- This site is optimized with the Yoast SEO Premium plugin v24.7 (Yoast SEO v27.3) - https:\/\/yoast.com\/product\/yoast-seo-premium-wordpress\/ -->\n<title>SS-P10AY - JYRSA<\/title>\n<meta name=\"robots\" content=\"index, follow, max-snippet:-1, max-image-preview:large, max-video-preview:-1\" \/>\n<link rel=\"canonical\" href=\"https:\/\/jyrsa.com\/en\/product\/ss-p10ay\/\" \/>\n<meta property=\"og:locale\" content=\"en_US\" \/>\n<meta property=\"og:type\" content=\"article\" \/>\n<meta property=\"og:title\" content=\"SS-P10AY\" \/>\n<meta property=\"og:description\" content=\"Arn\u00e9s de cuerpo completo con anillos \u201cD\u201d diel\u00e9ctricos en espalda, pecho y costados. Full body harness with dielectric &quot;D&quot; rings on the back, chest, and sides.\" \/>\n<meta property=\"og:url\" content=\"https:\/\/jyrsa.com\/en\/product\/ss-p10ay\/\" \/>\n<meta property=\"og:site_name\" content=\"JYRSA\" \/>\n<meta property=\"article:publisher\" content=\"https:\/\/www.facebook.com\/jyrsamexico\/\" \/>\n<meta property=\"article:modified_time\" content=\"2025-08-14T23:43:02+00:00\" \/>\n<meta property=\"og:image\" content=\"https:\/\/jyrsa.com\/wp-content\/uploads\/SS-P10AY.png\" \/>\n\t<meta property=\"og:image:width\" content=\"1000\" \/>\n\t<meta property=\"og:image:height\" content=\"1000\" \/>\n\t<meta property=\"og:image:type\" content=\"image\/png\" \/>\n<meta name=\"twitter:card\" content=\"summary_large_image\" \/>\n<meta name=\"twitter:label1\" content=\"Est. reading time\" \/>\n\t<meta name=\"twitter:data1\" content=\"1 minute\" \/>\n<script type=\"application\/ld+json\" class=\"yoast-schema-graph\">{\"@context\":\"https:\\\/\\\/schema.org\",\"@graph\":[{\"@type\":\"WebPage\",\"@id\":\"https:\\\/\\\/jyrsa.com\\\/producto\\\/ss-p10ay\\\/\",\"url\":\"https:\\\/\\\/jyrsa.com\\\/producto\\\/ss-p10ay\\\/\",\"name\":\"SS-P10AY - JYRSA\",\"isPartOf\":{\"@id\":\"https:\\\/\\\/jyrsa.com\\\/#website\"},\"primaryImageOfPage\":{\"@id\":\"https:\\\/\\\/jyrsa.com\\\/producto\\\/ss-p10ay\\\/#primaryimage\"},\"image\":{\"@id\":\"https:\\\/\\\/jyrsa.com\\\/producto\\\/ss-p10ay\\\/#primaryimage\"},\"thumbnailUrl\":\"https:\\\/\\\/jyrsa.com\\\/wp-content\\\/uploads\\\/SS-P10AY.png\",\"datePublished\":\"2025-01-14T17:20:43+00:00\",\"dateModified\":\"2025-08-14T23:43:02+00:00\",\"breadcrumb\":{\"@id\":\"https:\\\/\\\/jyrsa.com\\\/producto\\\/ss-p10ay\\\/#breadcrumb\"},\"inLanguage\":\"en-US\",\"potentialAction\":[{\"@type\":\"ReadAction\",\"target\":[\"https:\\\/\\\/jyrsa.com\\\/producto\\\/ss-p10ay\\\/\"]}]},{\"@type\":\"ImageObject\",\"inLanguage\":\"en-US\",\"@id\":\"https:\\\/\\\/jyrsa.com\\\/producto\\\/ss-p10ay\\\/#primaryimage\",\"url\":\"https:\\\/\\\/jyrsa.com\\\/wp-content\\\/uploads\\\/SS-P10AY.png\",\"contentUrl\":\"https:\\\/\\\/jyrsa.com\\\/wp-content\\\/uploads\\\/SS-P10AY.png\",\"width\":1000,\"height\":1000},{\"@type\":\"BreadcrumbList\",\"@id\":\"https:\\\/\\\/jyrsa.com\\\/producto\\\/ss-p10ay\\\/#breadcrumb\",\"itemListElement\":[{\"@type\":\"ListItem\",\"position\":1,\"name\":\"Home\",\"item\":\"https:\\\/\\\/jyrsa.com\\\/\"},{\"@type\":\"ListItem\",\"position\":2,\"name\":\"Products\",\"item\":\"https:\\\/\\\/jyrsa.com\\\/shop\\\/\"},{\"@type\":\"ListItem\",\"position\":3,\"name\":\"SS-P10AY\"}]},{\"@type\":\"WebSite\",\"@id\":\"https:\\\/\\\/jyrsa.com\\\/#website\",\"url\":\"https:\\\/\\\/jyrsa.com\\\/\",\"name\":\"JYRSA\",\"description\":\"Cuidamos lo m\u00e1s importante\",\"publisher\":{\"@id\":\"https:\\\/\\\/jyrsa.com\\\/#organization\"},\"potentialAction\":[{\"@type\":\"SearchAction\",\"target\":{\"@type\":\"EntryPoint\",\"urlTemplate\":\"https:\\\/\\\/jyrsa.com\\\/?s={search_term_string}\"},\"query-input\":{\"@type\":\"PropertyValueSpecification\",\"valueRequired\":true,\"valueName\":\"search_term_string\"}}],\"inLanguage\":\"en-US\"},{\"@type\":\"Organization\",\"@id\":\"https:\\\/\\\/jyrsa.com\\\/#organization\",\"name\":\"JYRSA\",\"url\":\"https:\\\/\\\/jyrsa.com\\\/\",\"logo\":{\"@type\":\"ImageObject\",\"inLanguage\":\"en-US\",\"@id\":\"https:\\\/\\\/jyrsa.com\\\/#\\\/schema\\\/logo\\\/image\\\/\",\"url\":\"https:\\\/\\\/jyrsa.com\\\/wp-content\\\/uploads\\\/2024\\\/10\\\/Logo-JYRSA-negro-03.jpg\",\"contentUrl\":\"https:\\\/\\\/jyrsa.com\\\/wp-content\\\/uploads\\\/2024\\\/10\\\/Logo-JYRSA-negro-03.jpg\",\"width\":3034,\"height\":949,\"caption\":\"JYRSA\"},\"image\":{\"@id\":\"https:\\\/\\\/jyrsa.com\\\/#\\\/schema\\\/logo\\\/image\\\/\"},\"sameAs\":[\"https:\\\/\\\/www.facebook.com\\\/jyrsamexico\\\/\",\"https:\\\/\\\/www.instagram.com\\\/jyrsa_oficial\\\/\",\"https:\\\/\\\/www.tiktok.com\\\/@jyrsa_oficial\",\"https:\\\/\\\/mx.linkedin.com\\\/company\\\/jyrsa\",\"https:\\\/\\\/www.youtube.com\\\/user\\\/jyrsamx\"]}]}<\/script>\n<!-- \/ Yoast SEO Premium plugin. -->","yoast_head_json":{"title":"SS-P10AY - JYRSA","robots":{"index":"index","follow":"follow","max-snippet":"max-snippet:-1","max-image-preview":"max-image-preview:large","max-video-preview":"max-video-preview:-1"},"canonical":"https:\/\/jyrsa.com\/en\/product\/ss-p10ay\/","og_locale":"en_US","og_type":"article","og_title":"SS-P10AY","og_description":"Arn\u00e9s de cuerpo completo con anillos \u201cD\u201d diel\u00e9ctricos en espalda, pecho y costados. Full body harness with dielectric \"D\" rings on the back, chest, and sides.","og_url":"https:\/\/jyrsa.com\/en\/product\/ss-p10ay\/","og_site_name":"JYRSA","article_publisher":"https:\/\/www.facebook.com\/jyrsamexico\/","article_modified_time":"2025-08-14T23:43:02+00:00","og_image":[{"width":1000,"height":1000,"url":"https:\/\/jyrsa.com\/wp-content\/uploads\/SS-P10AY.png","type":"image\/png"}],"twitter_card":"summary_large_image","twitter_misc":{"Est. reading time":"1 minute"},"schema":{"@context":"https:\/\/schema.org","@graph":[{"@type":"WebPage","@id":"https:\/\/jyrsa.com\/producto\/ss-p10ay\/","url":"https:\/\/jyrsa.com\/producto\/ss-p10ay\/","name":"SS-P10AY - JYRSA","isPartOf":{"@id":"https:\/\/jyrsa.com\/#website"},"primaryImageOfPage":{"@id":"https:\/\/jyrsa.com\/producto\/ss-p10ay\/#primaryimage"},"image":{"@id":"https:\/\/jyrsa.com\/producto\/ss-p10ay\/#primaryimage"},"thumbnailUrl":"https:\/\/jyrsa.com\/wp-content\/uploads\/SS-P10AY.png","datePublished":"2025-01-14T17:20:43+00:00","dateModified":"2025-08-14T23:43:02+00:00","breadcrumb":{"@id":"https:\/\/jyrsa.com\/producto\/ss-p10ay\/#breadcrumb"},"inLanguage":"en-US","potentialAction":[{"@type":"ReadAction","target":["https:\/\/jyrsa.com\/producto\/ss-p10ay\/"]}]},{"@type":"ImageObject","inLanguage":"en-US","@id":"https:\/\/jyrsa.com\/producto\/ss-p10ay\/#primaryimage","url":"https:\/\/jyrsa.com\/wp-content\/uploads\/SS-P10AY.png","contentUrl":"https:\/\/jyrsa.com\/wp-content\/uploads\/SS-P10AY.png","width":1000,"height":1000},{"@type":"BreadcrumbList","@id":"https:\/\/jyrsa.com\/producto\/ss-p10ay\/#breadcrumb","itemListElement":[{"@type":"ListItem","position":1,"name":"Home","item":"https:\/\/jyrsa.com\/"},{"@type":"ListItem","position":2,"name":"Products","item":"https:\/\/jyrsa.com\/shop\/"},{"@type":"ListItem","position":3,"name":"SS-P10AY"}]},{"@type":"WebSite","@id":"https:\/\/jyrsa.com\/#website","url":"https:\/\/jyrsa.com\/","name":"JYRSA","description":"Cuidamos lo m\u00e1s importante","publisher":{"@id":"https:\/\/jyrsa.com\/#organization"},"potentialAction":[{"@type":"SearchAction","target":{"@type":"EntryPoint","urlTemplate":"https:\/\/jyrsa.com\/?s={search_term_string}"},"query-input":{"@type":"PropertyValueSpecification","valueRequired":true,"valueName":"search_term_string"}}],"inLanguage":"en-US"},{"@type":"Organization","@id":"https:\/\/jyrsa.com\/#organization","name":"JYRSA","url":"https:\/\/jyrsa.com\/","logo":{"@type":"ImageObject","inLanguage":"en-US","@id":"https:\/\/jyrsa.com\/#\/schema\/logo\/image\/","url":"https:\/\/jyrsa.com\/wp-content\/uploads\/2024\/10\/Logo-JYRSA-negro-03.jpg","contentUrl":"https:\/\/jyrsa.com\/wp-content\/uploads\/2024\/10\/Logo-JYRSA-negro-03.jpg","width":3034,"height":949,"caption":"JYRSA"},"image":{"@id":"https:\/\/jyrsa.com\/#\/schema\/logo\/image\/"},"sameAs":["https:\/\/www.facebook.com\/jyrsamexico\/","https:\/\/www.instagram.com\/jyrsa_oficial\/","https:\/\/www.tiktok.com\/@jyrsa_oficial","https:\/\/mx.linkedin.com\/company\/jyrsa","https:\/\/www.youtube.com\/user\/jyrsamx"]}]}},"jetpack_publicize_connections":[],"jetpack_sharing_enabled":true,"jetpack_likes_enabled":true,"_links":{"self":[{"href":"https:\/\/jyrsa.com\/en\/wp-json\/wp\/v2\/product\/15599","targetHints":{"allow":["GET"]}}],"collection":[{"href":"https:\/\/jyrsa.com\/en\/wp-json\/wp\/v2\/product"}],"about":[{"href":"https:\/\/jyrsa.com\/en\/wp-json\/wp\/v2\/types\/product"}],"wp:featuredmedia":[{"embeddable":true,"href":"https:\/\/jyrsa.com\/en\/wp-json\/wp\/v2\/media\/15821"}],"wp:attachment":[{"href":"https:\/\/jyrsa.com\/en\/wp-json\/wp\/v2\/media?parent=15599"}],"wp:term":[{"taxonomy":"product_brand","embeddable":true,"href":"https:\/\/jyrsa.com\/en\/wp-json\/wp\/v2\/product_brand?post=15599"},{"taxonomy":"product_cat","embeddable":true,"href":"https:\/\/jyrsa.com\/en\/wp-json\/wp\/v2\/product_cat?post=15599"},{"taxonomy":"product_tag","embeddable":true,"href":"https:\/\/jyrsa.com\/en\/wp-json\/wp\/v2\/product_tag?post=15599"}],"curies":[{"name":"wp","href":"https:\/\/api.w.org\/{rel}","templated":true}]}}