{"id":15906,"date":"2025-01-16T17:50:47","date_gmt":"2025-01-16T23:50:47","guid":{"rendered":"https:\/\/jyrsa.com\/?post_type=product&#038;p=15906"},"modified":"2025-08-14T17:43:19","modified_gmt":"2025-08-14T23:43:19","slug":"jyr-5000","status":"publish","type":"product","link":"https:\/\/jyrsa.com\/en\/product\/jyr-5000\/","title":{"rendered":"JYR-5000"},"content":{"rendered":"<p><strong> Funci\u00f3n: <\/strong><br \/>\u2022 Overol contra qu\u00edmicos categor\u00eda III de acuerdo a la norma EN<br \/>\n13034:2005+A1:2009. Resistente a la penetraci\u00f3n de l\u00edquidos, qu\u00edmicos y<br \/>\nagentes infecciosos, fluidos corporales, pintura, polvo, sangre, basura<br \/>\norg\u00e1nica, grasa y aceite.<\/p>\n<p><strong> Caracter\u00edsticas: <\/strong><br \/>\u2022 Tela no tejida (65 g\/m2) que brinda protecci\u00f3n resistente la penetraci\u00f3n de<br \/>\nl\u00edquidos: H2SO4 (30%), NaOH (10%), O-CILENO, BUTAN-1-OL, \u00c1cido<br \/>\nclorh\u00eddrico, \u00c1cido n\u00edtrico 65%, O-Fosf\u00f3rico 50%.<br \/>\n\u2022 Brinda protecci\u00f3n amplia a todo el cuerpo.<br \/>\n\u2022 Por su dise\u00f1o en forma de cruz en la espalda no cuenta con costuras sobre<br \/>\nlos hombros para evitar la contaminaci\u00f3n de agentes externos.<br \/>\n\u2022 Cuenta con un 27% m\u00e1s de material en la espalda que los overoles<br \/>\nconvencionales.<br \/>\n\u2022 Producto hipoalerg\u00e9nico, fabricado bajo los mas altos est\u00e1ndares de<br \/>\ncalidad e inocuidad.<br \/>\n\u2022 El material resiste la penetraci\u00f3n del agua.<br \/>\n\u2022 Costura de sobrehilado en odo el contorno.<br \/> <a href=\"https:\/\/jyrsa.com\/wp-content\/uploads\/JYR-5000.pdf\" download><br \/>\n<img decoding=\"async\" src=\"https:\/\/jyrsa.com\/wp-content\/uploads\/Banner-Descargar-ficha-tecnica-pagina-de-productos.png\"\nalt=\"Descargar Ficha T\u00e9cnica\"\nstyle=\"width: 150px; height: 70px; vertical-align: middle; margin-right: 10px;\" \/><\/a><\/p>","protected":false},"excerpt":{"rendered":"<p><strong>Overol cuerpo completo con gorro. <\/strong><br \/><i>Full body coverall with hood.<\/i><\/p>","protected":false},"featured_media":16191,"template":"","meta":{"jetpack_post_was_ever_published":false,"jetpack_publicize_message":"","jetpack_publicize_feature_enabled":true,"jetpack_social_post_already_shared":true,"jetpack_social_options":{"image_generator_settings":{"template":"highway","default_image_id":0,"font":"","enabled":false},"version":2}},"product_brand":[],"product_cat":[66],"product_tag":[],"class_list":{"0":"post-15906","1":"product","2":"type-product","3":"status-publish","4":"has-post-thumbnail","6":"product_cat-prendas-de-resistencia-quimica","8":"first","9":"outofstock","10":"shipping-taxable","11":"product-type-simple"},"yoast_head":"<!-- This site is optimized with the Yoast SEO Premium plugin v24.7 (Yoast SEO v26.6) - https:\/\/yoast.com\/wordpress\/plugins\/seo\/ -->\n<title>JYR-5000 - JYRSA<\/title>\n<meta name=\"robots\" content=\"index, follow, max-snippet:-1, max-image-preview:large, max-video-preview:-1\" \/>\n<link rel=\"canonical\" href=\"https:\/\/jyrsa.com\/en\/product\/jyr-5000\/\" \/>\n<meta property=\"og:locale\" content=\"en_US\" \/>\n<meta property=\"og:type\" content=\"article\" \/>\n<meta property=\"og:title\" content=\"JYR-5000\" \/>\n<meta property=\"og:description\" content=\"Overol cuerpo completo con gorro. Full body coverall with hood.\" \/>\n<meta property=\"og:url\" content=\"https:\/\/jyrsa.com\/en\/product\/jyr-5000\/\" \/>\n<meta property=\"og:site_name\" content=\"JYRSA\" \/>\n<meta property=\"article:publisher\" content=\"https:\/\/www.facebook.com\/jyrsamexico\/\" \/>\n<meta property=\"article:modified_time\" content=\"2025-08-14T23:43:19+00:00\" \/>\n<meta property=\"og:image\" content=\"https:\/\/jyrsa.com\/wp-content\/uploads\/JYR-5000.png\" \/>\n\t<meta property=\"og:image:width\" content=\"1000\" \/>\n\t<meta property=\"og:image:height\" content=\"1000\" \/>\n\t<meta property=\"og:image:type\" content=\"image\/png\" \/>\n<meta name=\"twitter:card\" content=\"summary_large_image\" \/>\n<meta name=\"twitter:label1\" content=\"Est. reading time\" \/>\n\t<meta name=\"twitter:data1\" content=\"1 minute\" \/>\n<script type=\"application\/ld+json\" class=\"yoast-schema-graph\">{\"@context\":\"https:\/\/schema.org\",\"@graph\":[{\"@type\":\"WebPage\",\"@id\":\"https:\/\/jyrsa.com\/producto\/jyr-5000\/\",\"url\":\"https:\/\/jyrsa.com\/producto\/jyr-5000\/\",\"name\":\"JYR-5000 - JYRSA\",\"isPartOf\":{\"@id\":\"https:\/\/jyrsa.com\/#website\"},\"primaryImageOfPage\":{\"@id\":\"https:\/\/jyrsa.com\/producto\/jyr-5000\/#primaryimage\"},\"image\":{\"@id\":\"https:\/\/jyrsa.com\/producto\/jyr-5000\/#primaryimage\"},\"thumbnailUrl\":\"https:\/\/jyrsa.com\/wp-content\/uploads\/JYR-5000.png\",\"datePublished\":\"2025-01-16T23:50:47+00:00\",\"dateModified\":\"2025-08-14T23:43:19+00:00\",\"breadcrumb\":{\"@id\":\"https:\/\/jyrsa.com\/producto\/jyr-5000\/#breadcrumb\"},\"inLanguage\":\"en-US\",\"potentialAction\":[{\"@type\":\"ReadAction\",\"target\":[\"https:\/\/jyrsa.com\/producto\/jyr-5000\/\"]}]},{\"@type\":\"ImageObject\",\"inLanguage\":\"en-US\",\"@id\":\"https:\/\/jyrsa.com\/producto\/jyr-5000\/#primaryimage\",\"url\":\"https:\/\/jyrsa.com\/wp-content\/uploads\/JYR-5000.png\",\"contentUrl\":\"https:\/\/jyrsa.com\/wp-content\/uploads\/JYR-5000.png\",\"width\":1000,\"height\":1000},{\"@type\":\"BreadcrumbList\",\"@id\":\"https:\/\/jyrsa.com\/producto\/jyr-5000\/#breadcrumb\",\"itemListElement\":[{\"@type\":\"ListItem\",\"position\":1,\"name\":\"Home\",\"item\":\"https:\/\/jyrsa.com\/\"},{\"@type\":\"ListItem\",\"position\":2,\"name\":\"Products\",\"item\":\"https:\/\/jyrsa.com\/shop\/\"},{\"@type\":\"ListItem\",\"position\":3,\"name\":\"JYR-5000\"}]},{\"@type\":\"WebSite\",\"@id\":\"https:\/\/jyrsa.com\/#website\",\"url\":\"https:\/\/jyrsa.com\/\",\"name\":\"JYRSA\",\"description\":\"Cuidamos lo m\u00e1s importante\",\"publisher\":{\"@id\":\"https:\/\/jyrsa.com\/#organization\"},\"potentialAction\":[{\"@type\":\"SearchAction\",\"target\":{\"@type\":\"EntryPoint\",\"urlTemplate\":\"https:\/\/jyrsa.com\/?s={search_term_string}\"},\"query-input\":{\"@type\":\"PropertyValueSpecification\",\"valueRequired\":true,\"valueName\":\"search_term_string\"}}],\"inLanguage\":\"en-US\"},{\"@type\":\"Organization\",\"@id\":\"https:\/\/jyrsa.com\/#organization\",\"name\":\"JYRSA\",\"url\":\"https:\/\/jyrsa.com\/\",\"logo\":{\"@type\":\"ImageObject\",\"inLanguage\":\"en-US\",\"@id\":\"https:\/\/jyrsa.com\/#\/schema\/logo\/image\/\",\"url\":\"https:\/\/jyrsa.com\/wp-content\/uploads\/2024\/10\/Logo-JYRSA-negro-03.jpg\",\"contentUrl\":\"https:\/\/jyrsa.com\/wp-content\/uploads\/2024\/10\/Logo-JYRSA-negro-03.jpg\",\"width\":3034,\"height\":949,\"caption\":\"JYRSA\"},\"image\":{\"@id\":\"https:\/\/jyrsa.com\/#\/schema\/logo\/image\/\"},\"sameAs\":[\"https:\/\/www.facebook.com\/jyrsamexico\/\",\"https:\/\/www.instagram.com\/jyrsa_oficial\/\",\"https:\/\/www.tiktok.com\/@jyrsa_oficial\",\"https:\/\/mx.linkedin.com\/company\/jyrsa\",\"https:\/\/www.youtube.com\/user\/jyrsamx\"]}]}<\/script>\n<!-- \/ Yoast SEO Premium plugin. -->","yoast_head_json":{"title":"JYR-5000 - JYRSA","robots":{"index":"index","follow":"follow","max-snippet":"max-snippet:-1","max-image-preview":"max-image-preview:large","max-video-preview":"max-video-preview:-1"},"canonical":"https:\/\/jyrsa.com\/en\/product\/jyr-5000\/","og_locale":"en_US","og_type":"article","og_title":"JYR-5000","og_description":"Overol cuerpo completo con gorro. Full body coverall with hood.","og_url":"https:\/\/jyrsa.com\/en\/product\/jyr-5000\/","og_site_name":"JYRSA","article_publisher":"https:\/\/www.facebook.com\/jyrsamexico\/","article_modified_time":"2025-08-14T23:43:19+00:00","og_image":[{"width":1000,"height":1000,"url":"https:\/\/jyrsa.com\/wp-content\/uploads\/JYR-5000.png","type":"image\/png"}],"twitter_card":"summary_large_image","twitter_misc":{"Est. reading time":"1 minute"},"schema":{"@context":"https:\/\/schema.org","@graph":[{"@type":"WebPage","@id":"https:\/\/jyrsa.com\/producto\/jyr-5000\/","url":"https:\/\/jyrsa.com\/producto\/jyr-5000\/","name":"JYR-5000 - JYRSA","isPartOf":{"@id":"https:\/\/jyrsa.com\/#website"},"primaryImageOfPage":{"@id":"https:\/\/jyrsa.com\/producto\/jyr-5000\/#primaryimage"},"image":{"@id":"https:\/\/jyrsa.com\/producto\/jyr-5000\/#primaryimage"},"thumbnailUrl":"https:\/\/jyrsa.com\/wp-content\/uploads\/JYR-5000.png","datePublished":"2025-01-16T23:50:47+00:00","dateModified":"2025-08-14T23:43:19+00:00","breadcrumb":{"@id":"https:\/\/jyrsa.com\/producto\/jyr-5000\/#breadcrumb"},"inLanguage":"en-US","potentialAction":[{"@type":"ReadAction","target":["https:\/\/jyrsa.com\/producto\/jyr-5000\/"]}]},{"@type":"ImageObject","inLanguage":"en-US","@id":"https:\/\/jyrsa.com\/producto\/jyr-5000\/#primaryimage","url":"https:\/\/jyrsa.com\/wp-content\/uploads\/JYR-5000.png","contentUrl":"https:\/\/jyrsa.com\/wp-content\/uploads\/JYR-5000.png","width":1000,"height":1000},{"@type":"BreadcrumbList","@id":"https:\/\/jyrsa.com\/producto\/jyr-5000\/#breadcrumb","itemListElement":[{"@type":"ListItem","position":1,"name":"Home","item":"https:\/\/jyrsa.com\/"},{"@type":"ListItem","position":2,"name":"Products","item":"https:\/\/jyrsa.com\/shop\/"},{"@type":"ListItem","position":3,"name":"JYR-5000"}]},{"@type":"WebSite","@id":"https:\/\/jyrsa.com\/#website","url":"https:\/\/jyrsa.com\/","name":"JYRSA","description":"Cuidamos lo m\u00e1s importante","publisher":{"@id":"https:\/\/jyrsa.com\/#organization"},"potentialAction":[{"@type":"SearchAction","target":{"@type":"EntryPoint","urlTemplate":"https:\/\/jyrsa.com\/?s={search_term_string}"},"query-input":{"@type":"PropertyValueSpecification","valueRequired":true,"valueName":"search_term_string"}}],"inLanguage":"en-US"},{"@type":"Organization","@id":"https:\/\/jyrsa.com\/#organization","name":"JYRSA","url":"https:\/\/jyrsa.com\/","logo":{"@type":"ImageObject","inLanguage":"en-US","@id":"https:\/\/jyrsa.com\/#\/schema\/logo\/image\/","url":"https:\/\/jyrsa.com\/wp-content\/uploads\/2024\/10\/Logo-JYRSA-negro-03.jpg","contentUrl":"https:\/\/jyrsa.com\/wp-content\/uploads\/2024\/10\/Logo-JYRSA-negro-03.jpg","width":3034,"height":949,"caption":"JYRSA"},"image":{"@id":"https:\/\/jyrsa.com\/#\/schema\/logo\/image\/"},"sameAs":["https:\/\/www.facebook.com\/jyrsamexico\/","https:\/\/www.instagram.com\/jyrsa_oficial\/","https:\/\/www.tiktok.com\/@jyrsa_oficial","https:\/\/mx.linkedin.com\/company\/jyrsa","https:\/\/www.youtube.com\/user\/jyrsamx"]}]}},"jetpack_publicize_connections":[],"jetpack_sharing_enabled":true,"jetpack_likes_enabled":true,"_links":{"self":[{"href":"https:\/\/jyrsa.com\/en\/wp-json\/wp\/v2\/product\/15906","targetHints":{"allow":["GET"]}}],"collection":[{"href":"https:\/\/jyrsa.com\/en\/wp-json\/wp\/v2\/product"}],"about":[{"href":"https:\/\/jyrsa.com\/en\/wp-json\/wp\/v2\/types\/product"}],"wp:featuredmedia":[{"embeddable":true,"href":"https:\/\/jyrsa.com\/en\/wp-json\/wp\/v2\/media\/16191"}],"wp:attachment":[{"href":"https:\/\/jyrsa.com\/en\/wp-json\/wp\/v2\/media?parent=15906"}],"wp:term":[{"taxonomy":"product_brand","embeddable":true,"href":"https:\/\/jyrsa.com\/en\/wp-json\/wp\/v2\/product_brand?post=15906"},{"taxonomy":"product_cat","embeddable":true,"href":"https:\/\/jyrsa.com\/en\/wp-json\/wp\/v2\/product_cat?post=15906"},{"taxonomy":"product_tag","embeddable":true,"href":"https:\/\/jyrsa.com\/en\/wp-json\/wp\/v2\/product_tag?post=15906"}],"curies":[{"name":"wp","href":"https:\/\/api.w.org\/{rel}","templated":true}]}}