{"id":20458,"date":"2025-08-26T16:31:07","date_gmt":"2025-08-26T22:31:07","guid":{"rendered":"https:\/\/jyrsa.com\/?post_type=product&#038;p=20458"},"modified":"2025-08-26T18:07:13","modified_gmt":"2025-08-27T00:07:13","slug":"eco-1320cr","status":"publish","type":"product","link":"https:\/\/jyrsa.com\/en\/product\/eco-1320cr\/","title":{"rendered":"ECO-1320CR"},"content":{"rendered":"<p><strong> Funci\u00f3n: <\/strong><br \/>\nUso fuera de la carretera. Brinda mayor visibilidad a los trabajadores que no est\u00e1n expuestos al tr\u00e1fico.<br \/>\nTipo O Clase 1 ANSI<\/p>\n<p><strong> Caracter\u00edsticas: <\/strong><br \/>\nFabricado en la tela de alta visibilidad 100% poli\u00e9ster.<br \/>\nBolsa exterior doble porta plumas, bolsa con solapa y dos bolsas dobles frontales.<br \/>\nReflejante textil plateado de 2&#8243;.<br \/>\nCierre de seguridad frontal.<br \/>\nMica portagafete.<br \/>\nAbertura para anillo &#8220;D&#8221; en la espalda.<\/p>\n<p><strong> Descarga las fichas t\u00e9cnicas aqu\u00ed: <\/strong><\/p>\n<p><a href=\"https:\/\/jyrsa.com\/wp-content\/uploads\/ECO-1320AMNCR.pdf\" download=\"\">ECO-1320AMNCR<\/a><br \/>\n<a href=\"https:\/\/jyrsa.com\/wp-content\/uploads\/ECO-1320ANNCR.pdf\" download=\"\">ECO-1320ANNCR<\/a><br \/>\n<a href=\"https:\/\/jyrsa.com\/wp-content\/uploads\/ECO-1320AZNCR.pdf\" download=\"\">ECO-1320AZNCR<\/a><br \/>\n<a href=\"https:\/\/jyrsa.com\/wp-content\/uploads\/ECO-1320AZRNCR.pdf\" download=\"\">ECO-1320AZRNCR<\/a><br \/>\n<a href=\"https:\/\/jyrsa.com\/wp-content\/uploads\/ECO-1320BLNCR.pdf\" download=\"\">ECO-1320BLNCR<\/a><br \/>\n<a href=\"https:\/\/jyrsa.com\/wp-content\/uploads\/ECO-1320RNCR.pdf\" download=\"\">ECO-1320RNCR<\/a><br \/>\n<a href=\"https:\/\/jyrsa.com\/wp-content\/uploads\/ECO-1320VNCR.pdf\" download=\"\">ECO-1320VNCR<\/a><br \/>\n<a href=\"https:\/\/jyrsa.com\/wp-content\/uploads\/ECO-1320NCR.pdf\" download=\"\">ECO-1320NCR<\/a><\/p>","protected":false},"excerpt":{"rendered":"<p><strong>Chaleco tipo ejecutivo.<\/strong><br \/>\n<i>ECOFriendly executive vest.<\/i><\/p>","protected":false},"featured_media":19891,"template":"","meta":{"jetpack_post_was_ever_published":false,"jetpack_publicize_message":"","jetpack_publicize_feature_enabled":true,"jetpack_social_post_already_shared":true,"jetpack_social_options":{"image_generator_settings":{"template":"highway","default_image_id":0,"font":"","enabled":false},"version":2},"_wpas_customize_per_network":false},"product_brand":[],"product_cat":[27],"product_tag":[],"class_list":{"0":"post-20458","1":"product","2":"type-product","3":"status-publish","4":"has-post-thumbnail","6":"product_cat-prendas-de-alta-visibilidad","8":"first","9":"instock","10":"shipping-taxable","11":"purchasable","12":"product-type-variable"},"yoast_head":"<!-- This site is optimized with the Yoast SEO Premium plugin v24.7 (Yoast SEO v27.3) - https:\/\/yoast.com\/product\/yoast-seo-premium-wordpress\/ -->\n<title>ECO-1320CR - JYRSA<\/title>\n<meta name=\"description\" content=\"Chaleco tipo ejecutivo. Funci\u00f3n: Uso fuera de la carretera. Brinda mayor visibilidad a los trabajadores que no est\u00e1n expuestos al tr\u00e1fico.\" \/>\n<meta name=\"robots\" content=\"index, follow, max-snippet:-1, max-image-preview:large, max-video-preview:-1\" \/>\n<link rel=\"canonical\" href=\"https:\/\/jyrsa.com\/en\/product\/eco-1320cr\/\" \/>\n<meta property=\"og:locale\" content=\"en_US\" \/>\n<meta property=\"og:type\" content=\"article\" \/>\n<meta property=\"og:title\" content=\"ECO-1320CR\" \/>\n<meta property=\"og:description\" content=\"Chaleco tipo ejecutivo. Funci\u00f3n: Uso fuera de la carretera. Brinda mayor visibilidad a los trabajadores que no est\u00e1n expuestos al tr\u00e1fico.\" \/>\n<meta property=\"og:url\" content=\"https:\/\/jyrsa.com\/en\/product\/eco-1320cr\/\" \/>\n<meta property=\"og:site_name\" content=\"JYRSA\" \/>\n<meta property=\"article:publisher\" content=\"https:\/\/www.facebook.com\/jyrsamexico\/\" \/>\n<meta property=\"article:modified_time\" content=\"2025-08-27T00:07:13+00:00\" \/>\n<meta property=\"og:image\" content=\"https:\/\/jyrsa.com\/wp-content\/uploads\/ECO-1320CR_01.png\" \/>\n\t<meta property=\"og:image:width\" content=\"2001\" \/>\n\t<meta property=\"og:image:height\" content=\"2000\" \/>\n\t<meta property=\"og:image:type\" content=\"image\/png\" \/>\n<meta name=\"twitter:card\" content=\"summary_large_image\" \/>\n<meta name=\"twitter:label1\" content=\"Est. reading time\" \/>\n\t<meta name=\"twitter:data1\" content=\"1 minute\" \/>\n<script type=\"application\/ld+json\" class=\"yoast-schema-graph\">{\"@context\":\"https:\\\/\\\/schema.org\",\"@graph\":[{\"@type\":\"WebPage\",\"@id\":\"https:\\\/\\\/jyrsa.com\\\/producto\\\/eco-1320cr\\\/\",\"url\":\"https:\\\/\\\/jyrsa.com\\\/producto\\\/eco-1320cr\\\/\",\"name\":\"ECO-1320CR - JYRSA\",\"isPartOf\":{\"@id\":\"https:\\\/\\\/jyrsa.com\\\/#website\"},\"primaryImageOfPage\":{\"@id\":\"https:\\\/\\\/jyrsa.com\\\/producto\\\/eco-1320cr\\\/#primaryimage\"},\"image\":{\"@id\":\"https:\\\/\\\/jyrsa.com\\\/producto\\\/eco-1320cr\\\/#primaryimage\"},\"thumbnailUrl\":\"https:\\\/\\\/jyrsa.com\\\/wp-content\\\/uploads\\\/ECO-1320CR_01.png\",\"datePublished\":\"2025-08-26T22:31:07+00:00\",\"dateModified\":\"2025-08-27T00:07:13+00:00\",\"description\":\"Chaleco tipo ejecutivo. Funci\u00f3n: Uso fuera de la carretera. Brinda mayor visibilidad a los trabajadores que no est\u00e1n expuestos al tr\u00e1fico.\",\"breadcrumb\":{\"@id\":\"https:\\\/\\\/jyrsa.com\\\/producto\\\/eco-1320cr\\\/#breadcrumb\"},\"inLanguage\":\"en-US\",\"potentialAction\":[{\"@type\":\"ReadAction\",\"target\":[\"https:\\\/\\\/jyrsa.com\\\/producto\\\/eco-1320cr\\\/\"]}]},{\"@type\":\"ImageObject\",\"inLanguage\":\"en-US\",\"@id\":\"https:\\\/\\\/jyrsa.com\\\/producto\\\/eco-1320cr\\\/#primaryimage\",\"url\":\"https:\\\/\\\/jyrsa.com\\\/wp-content\\\/uploads\\\/ECO-1320CR_01.png\",\"contentUrl\":\"https:\\\/\\\/jyrsa.com\\\/wp-content\\\/uploads\\\/ECO-1320CR_01.png\",\"width\":2001,\"height\":2000},{\"@type\":\"BreadcrumbList\",\"@id\":\"https:\\\/\\\/jyrsa.com\\\/producto\\\/eco-1320cr\\\/#breadcrumb\",\"itemListElement\":[{\"@type\":\"ListItem\",\"position\":1,\"name\":\"Home\",\"item\":\"https:\\\/\\\/jyrsa.com\\\/\"},{\"@type\":\"ListItem\",\"position\":2,\"name\":\"Products\",\"item\":\"https:\\\/\\\/jyrsa.com\\\/shop\\\/\"},{\"@type\":\"ListItem\",\"position\":3,\"name\":\"ECO-1320CR\"}]},{\"@type\":\"WebSite\",\"@id\":\"https:\\\/\\\/jyrsa.com\\\/#website\",\"url\":\"https:\\\/\\\/jyrsa.com\\\/\",\"name\":\"JYRSA\",\"description\":\"Cuidamos lo m\u00e1s importante\",\"publisher\":{\"@id\":\"https:\\\/\\\/jyrsa.com\\\/#organization\"},\"potentialAction\":[{\"@type\":\"SearchAction\",\"target\":{\"@type\":\"EntryPoint\",\"urlTemplate\":\"https:\\\/\\\/jyrsa.com\\\/?s={search_term_string}\"},\"query-input\":{\"@type\":\"PropertyValueSpecification\",\"valueRequired\":true,\"valueName\":\"search_term_string\"}}],\"inLanguage\":\"en-US\"},{\"@type\":\"Organization\",\"@id\":\"https:\\\/\\\/jyrsa.com\\\/#organization\",\"name\":\"JYRSA\",\"url\":\"https:\\\/\\\/jyrsa.com\\\/\",\"logo\":{\"@type\":\"ImageObject\",\"inLanguage\":\"en-US\",\"@id\":\"https:\\\/\\\/jyrsa.com\\\/#\\\/schema\\\/logo\\\/image\\\/\",\"url\":\"https:\\\/\\\/jyrsa.com\\\/wp-content\\\/uploads\\\/2024\\\/10\\\/Logo-JYRSA-negro-03.jpg\",\"contentUrl\":\"https:\\\/\\\/jyrsa.com\\\/wp-content\\\/uploads\\\/2024\\\/10\\\/Logo-JYRSA-negro-03.jpg\",\"width\":3034,\"height\":949,\"caption\":\"JYRSA\"},\"image\":{\"@id\":\"https:\\\/\\\/jyrsa.com\\\/#\\\/schema\\\/logo\\\/image\\\/\"},\"sameAs\":[\"https:\\\/\\\/www.facebook.com\\\/jyrsamexico\\\/\",\"https:\\\/\\\/www.instagram.com\\\/jyrsa_oficial\\\/\",\"https:\\\/\\\/www.tiktok.com\\\/@jyrsa_oficial\",\"https:\\\/\\\/mx.linkedin.com\\\/company\\\/jyrsa\",\"https:\\\/\\\/www.youtube.com\\\/user\\\/jyrsamx\"]}]}<\/script>\n<!-- \/ Yoast SEO Premium plugin. -->","yoast_head_json":{"title":"ECO-1320CR - JYRSA","description":"Chaleco tipo ejecutivo. Funci\u00f3n: Uso fuera de la carretera. Brinda mayor visibilidad a los trabajadores que no est\u00e1n expuestos al tr\u00e1fico.","robots":{"index":"index","follow":"follow","max-snippet":"max-snippet:-1","max-image-preview":"max-image-preview:large","max-video-preview":"max-video-preview:-1"},"canonical":"https:\/\/jyrsa.com\/en\/product\/eco-1320cr\/","og_locale":"en_US","og_type":"article","og_title":"ECO-1320CR","og_description":"Chaleco tipo ejecutivo. Funci\u00f3n: Uso fuera de la carretera. Brinda mayor visibilidad a los trabajadores que no est\u00e1n expuestos al tr\u00e1fico.","og_url":"https:\/\/jyrsa.com\/en\/product\/eco-1320cr\/","og_site_name":"JYRSA","article_publisher":"https:\/\/www.facebook.com\/jyrsamexico\/","article_modified_time":"2025-08-27T00:07:13+00:00","og_image":[{"width":2001,"height":2000,"url":"https:\/\/jyrsa.com\/wp-content\/uploads\/ECO-1320CR_01.png","type":"image\/png"}],"twitter_card":"summary_large_image","twitter_misc":{"Est. reading time":"1 minute"},"schema":{"@context":"https:\/\/schema.org","@graph":[{"@type":"WebPage","@id":"https:\/\/jyrsa.com\/producto\/eco-1320cr\/","url":"https:\/\/jyrsa.com\/producto\/eco-1320cr\/","name":"ECO-1320CR - JYRSA","isPartOf":{"@id":"https:\/\/jyrsa.com\/#website"},"primaryImageOfPage":{"@id":"https:\/\/jyrsa.com\/producto\/eco-1320cr\/#primaryimage"},"image":{"@id":"https:\/\/jyrsa.com\/producto\/eco-1320cr\/#primaryimage"},"thumbnailUrl":"https:\/\/jyrsa.com\/wp-content\/uploads\/ECO-1320CR_01.png","datePublished":"2025-08-26T22:31:07+00:00","dateModified":"2025-08-27T00:07:13+00:00","description":"Chaleco tipo ejecutivo. Funci\u00f3n: Uso fuera de la carretera. Brinda mayor visibilidad a los trabajadores que no est\u00e1n expuestos al tr\u00e1fico.","breadcrumb":{"@id":"https:\/\/jyrsa.com\/producto\/eco-1320cr\/#breadcrumb"},"inLanguage":"en-US","potentialAction":[{"@type":"ReadAction","target":["https:\/\/jyrsa.com\/producto\/eco-1320cr\/"]}]},{"@type":"ImageObject","inLanguage":"en-US","@id":"https:\/\/jyrsa.com\/producto\/eco-1320cr\/#primaryimage","url":"https:\/\/jyrsa.com\/wp-content\/uploads\/ECO-1320CR_01.png","contentUrl":"https:\/\/jyrsa.com\/wp-content\/uploads\/ECO-1320CR_01.png","width":2001,"height":2000},{"@type":"BreadcrumbList","@id":"https:\/\/jyrsa.com\/producto\/eco-1320cr\/#breadcrumb","itemListElement":[{"@type":"ListItem","position":1,"name":"Home","item":"https:\/\/jyrsa.com\/"},{"@type":"ListItem","position":2,"name":"Products","item":"https:\/\/jyrsa.com\/shop\/"},{"@type":"ListItem","position":3,"name":"ECO-1320CR"}]},{"@type":"WebSite","@id":"https:\/\/jyrsa.com\/#website","url":"https:\/\/jyrsa.com\/","name":"JYRSA","description":"Cuidamos lo m\u00e1s importante","publisher":{"@id":"https:\/\/jyrsa.com\/#organization"},"potentialAction":[{"@type":"SearchAction","target":{"@type":"EntryPoint","urlTemplate":"https:\/\/jyrsa.com\/?s={search_term_string}"},"query-input":{"@type":"PropertyValueSpecification","valueRequired":true,"valueName":"search_term_string"}}],"inLanguage":"en-US"},{"@type":"Organization","@id":"https:\/\/jyrsa.com\/#organization","name":"JYRSA","url":"https:\/\/jyrsa.com\/","logo":{"@type":"ImageObject","inLanguage":"en-US","@id":"https:\/\/jyrsa.com\/#\/schema\/logo\/image\/","url":"https:\/\/jyrsa.com\/wp-content\/uploads\/2024\/10\/Logo-JYRSA-negro-03.jpg","contentUrl":"https:\/\/jyrsa.com\/wp-content\/uploads\/2024\/10\/Logo-JYRSA-negro-03.jpg","width":3034,"height":949,"caption":"JYRSA"},"image":{"@id":"https:\/\/jyrsa.com\/#\/schema\/logo\/image\/"},"sameAs":["https:\/\/www.facebook.com\/jyrsamexico\/","https:\/\/www.instagram.com\/jyrsa_oficial\/","https:\/\/www.tiktok.com\/@jyrsa_oficial","https:\/\/mx.linkedin.com\/company\/jyrsa","https:\/\/www.youtube.com\/user\/jyrsamx"]}]}},"jetpack_publicize_connections":[],"jetpack_sharing_enabled":true,"jetpack_likes_enabled":true,"_links":{"self":[{"href":"https:\/\/jyrsa.com\/en\/wp-json\/wp\/v2\/product\/20458","targetHints":{"allow":["GET"]}}],"collection":[{"href":"https:\/\/jyrsa.com\/en\/wp-json\/wp\/v2\/product"}],"about":[{"href":"https:\/\/jyrsa.com\/en\/wp-json\/wp\/v2\/types\/product"}],"wp:featuredmedia":[{"embeddable":true,"href":"https:\/\/jyrsa.com\/en\/wp-json\/wp\/v2\/media\/19891"}],"wp:attachment":[{"href":"https:\/\/jyrsa.com\/en\/wp-json\/wp\/v2\/media?parent=20458"}],"wp:term":[{"taxonomy":"product_brand","embeddable":true,"href":"https:\/\/jyrsa.com\/en\/wp-json\/wp\/v2\/product_brand?post=20458"},{"taxonomy":"product_cat","embeddable":true,"href":"https:\/\/jyrsa.com\/en\/wp-json\/wp\/v2\/product_cat?post=20458"},{"taxonomy":"product_tag","embeddable":true,"href":"https:\/\/jyrsa.com\/en\/wp-json\/wp\/v2\/product_tag?post=20458"}],"curies":[{"name":"wp","href":"https:\/\/api.w.org\/{rel}","templated":true}]}}