{"id":23370,"date":"2025-10-09T16:29:35","date_gmt":"2025-10-09T22:29:35","guid":{"rendered":"https:\/\/jyrsa.com\/?post_type=product&#038;p=23370"},"modified":"2025-10-09T16:29:45","modified_gmt":"2025-10-09T22:29:45","slug":"eco-1191","status":"publish","type":"product","link":"https:\/\/jyrsa.com\/en\/product\/eco-1191\/","title":{"rendered":"ECO-1191"},"content":{"rendered":"<p><strong> Funci\u00f3n: <\/strong><br \/>Dispositivo para delimitar \u00e1reas, se\u00f1alar obras en construcci\u00f3n o precauci\u00f3n de alerta al usuario.<\/p>\n<p><strong> Caracter\u00edsticas: <\/strong><br \/>Fabricado en polietileno virgen, pigmentos y aditivos.<br \/>\nAncho de 3&#8243;.<br \/>\nRollo con 300 mts.<br \/>\nCalibre: 0.0011&#8243;.<br \/>\nLeyenda: PELIGRO.<\/p>\n<p> <strong> Descarga las fichas t\u00e9cnicas aqu\u00ed: <\/strong><\/p>\n<p><a href=\"https:\/\/jyrsa.com\/wp-content\/uploads\/ECO-1191.pdf\" download>ECO-1191<\/a><\/p>","protected":false},"excerpt":{"rendered":"<p><strong>Cinta roja leyenda &#8220;PELIGRO&#8221;.<\/strong><br \/><i>Red tape with the word &#8220;PELIGRO&#8221;.<\/i><\/p>","protected":false},"featured_media":22474,"template":"","meta":{"jetpack_post_was_ever_published":false,"jetpack_publicize_message":"","jetpack_publicize_feature_enabled":true,"jetpack_social_post_already_shared":true,"jetpack_social_options":{"image_generator_settings":{"template":"highway","default_image_id":0,"font":"","enabled":false},"version":2},"_wpas_customize_per_network":false},"product_brand":[],"product_cat":[216],"product_tag":[],"class_list":{"0":"post-23370","1":"product","2":"type-product","3":"status-publish","4":"has-post-thumbnail","6":"product_cat-control-vial-y-construccion","8":"first","9":"instock","10":"shipping-taxable","11":"purchasable","12":"product-type-simple"},"yoast_head":"<!-- This site is optimized with the Yoast SEO Premium plugin v24.7 (Yoast SEO v26.9) - https:\/\/yoast.com\/product\/yoast-seo-premium-wordpress\/ -->\n<title>ECO-1191 - JYRSA<\/title>\n<meta name=\"description\" content=\"Cinta roja leyenda &quot;PELIGRO&quot;. Funci\u00f3n: Dispositivo para delimitar \u00e1reas, se\u00f1alar obras en construcci\u00f3n o precauci\u00f3n de alerta al usuario.\" \/>\n<meta name=\"robots\" content=\"index, follow, max-snippet:-1, max-image-preview:large, max-video-preview:-1\" \/>\n<link rel=\"canonical\" href=\"https:\/\/jyrsa.com\/en\/product\/eco-1191\/\" \/>\n<meta property=\"og:locale\" content=\"en_US\" \/>\n<meta property=\"og:type\" content=\"article\" \/>\n<meta property=\"og:title\" content=\"ECO-1191\" \/>\n<meta property=\"og:description\" content=\"Cinta roja leyenda &quot;PELIGRO&quot;. Funci\u00f3n: Dispositivo para delimitar \u00e1reas, se\u00f1alar obras en construcci\u00f3n o precauci\u00f3n de alerta al usuario.\" \/>\n<meta property=\"og:url\" content=\"https:\/\/jyrsa.com\/en\/product\/eco-1191\/\" \/>\n<meta property=\"og:site_name\" content=\"JYRSA\" \/>\n<meta property=\"article:publisher\" content=\"https:\/\/www.facebook.com\/jyrsamexico\/\" \/>\n<meta property=\"article:modified_time\" content=\"2025-10-09T22:29:45+00:00\" \/>\n<meta property=\"og:image\" content=\"https:\/\/jyrsa.com\/wp-content\/uploads\/ECO-1191_01.png\" \/>\n\t<meta property=\"og:image:width\" content=\"1804\" \/>\n\t<meta property=\"og:image:height\" content=\"1804\" \/>\n\t<meta property=\"og:image:type\" content=\"image\/png\" \/>\n<meta name=\"twitter:card\" content=\"summary_large_image\" \/>\n<script type=\"application\/ld+json\" class=\"yoast-schema-graph\">{\"@context\":\"https:\/\/schema.org\",\"@graph\":[{\"@type\":\"WebPage\",\"@id\":\"https:\/\/jyrsa.com\/producto\/eco-1191\/\",\"url\":\"https:\/\/jyrsa.com\/producto\/eco-1191\/\",\"name\":\"ECO-1191 - JYRSA\",\"isPartOf\":{\"@id\":\"https:\/\/jyrsa.com\/#website\"},\"primaryImageOfPage\":{\"@id\":\"https:\/\/jyrsa.com\/producto\/eco-1191\/#primaryimage\"},\"image\":{\"@id\":\"https:\/\/jyrsa.com\/producto\/eco-1191\/#primaryimage\"},\"thumbnailUrl\":\"https:\/\/jyrsa.com\/wp-content\/uploads\/ECO-1191_01.png\",\"datePublished\":\"2025-10-09T22:29:35+00:00\",\"dateModified\":\"2025-10-09T22:29:45+00:00\",\"description\":\"Cinta roja leyenda \\\"PELIGRO\\\". Funci\u00f3n: Dispositivo para delimitar \u00e1reas, se\u00f1alar obras en construcci\u00f3n o precauci\u00f3n de alerta al usuario.\",\"breadcrumb\":{\"@id\":\"https:\/\/jyrsa.com\/producto\/eco-1191\/#breadcrumb\"},\"inLanguage\":\"en-US\",\"potentialAction\":[{\"@type\":\"ReadAction\",\"target\":[\"https:\/\/jyrsa.com\/producto\/eco-1191\/\"]}]},{\"@type\":\"ImageObject\",\"inLanguage\":\"en-US\",\"@id\":\"https:\/\/jyrsa.com\/producto\/eco-1191\/#primaryimage\",\"url\":\"https:\/\/jyrsa.com\/wp-content\/uploads\/ECO-1191_01.png\",\"contentUrl\":\"https:\/\/jyrsa.com\/wp-content\/uploads\/ECO-1191_01.png\",\"width\":1804,\"height\":1804},{\"@type\":\"BreadcrumbList\",\"@id\":\"https:\/\/jyrsa.com\/producto\/eco-1191\/#breadcrumb\",\"itemListElement\":[{\"@type\":\"ListItem\",\"position\":1,\"name\":\"Home\",\"item\":\"https:\/\/jyrsa.com\/\"},{\"@type\":\"ListItem\",\"position\":2,\"name\":\"Products\",\"item\":\"https:\/\/jyrsa.com\/shop\/\"},{\"@type\":\"ListItem\",\"position\":3,\"name\":\"ECO-1191\"}]},{\"@type\":\"WebSite\",\"@id\":\"https:\/\/jyrsa.com\/#website\",\"url\":\"https:\/\/jyrsa.com\/\",\"name\":\"JYRSA\",\"description\":\"Cuidamos lo m\u00e1s importante\",\"publisher\":{\"@id\":\"https:\/\/jyrsa.com\/#organization\"},\"potentialAction\":[{\"@type\":\"SearchAction\",\"target\":{\"@type\":\"EntryPoint\",\"urlTemplate\":\"https:\/\/jyrsa.com\/?s={search_term_string}\"},\"query-input\":{\"@type\":\"PropertyValueSpecification\",\"valueRequired\":true,\"valueName\":\"search_term_string\"}}],\"inLanguage\":\"en-US\"},{\"@type\":\"Organization\",\"@id\":\"https:\/\/jyrsa.com\/#organization\",\"name\":\"JYRSA\",\"url\":\"https:\/\/jyrsa.com\/\",\"logo\":{\"@type\":\"ImageObject\",\"inLanguage\":\"en-US\",\"@id\":\"https:\/\/jyrsa.com\/#\/schema\/logo\/image\/\",\"url\":\"https:\/\/jyrsa.com\/wp-content\/uploads\/2024\/10\/Logo-JYRSA-negro-03.jpg\",\"contentUrl\":\"https:\/\/jyrsa.com\/wp-content\/uploads\/2024\/10\/Logo-JYRSA-negro-03.jpg\",\"width\":3034,\"height\":949,\"caption\":\"JYRSA\"},\"image\":{\"@id\":\"https:\/\/jyrsa.com\/#\/schema\/logo\/image\/\"},\"sameAs\":[\"https:\/\/www.facebook.com\/jyrsamexico\/\",\"https:\/\/www.instagram.com\/jyrsa_oficial\/\",\"https:\/\/www.tiktok.com\/@jyrsa_oficial\",\"https:\/\/mx.linkedin.com\/company\/jyrsa\",\"https:\/\/www.youtube.com\/user\/jyrsamx\"]}]}<\/script>\n<!-- \/ Yoast SEO Premium plugin. -->","yoast_head_json":{"title":"ECO-1191 - JYRSA","description":"Cinta roja leyenda \"PELIGRO\". Funci\u00f3n: Dispositivo para delimitar \u00e1reas, se\u00f1alar obras en construcci\u00f3n o precauci\u00f3n de alerta al usuario.","robots":{"index":"index","follow":"follow","max-snippet":"max-snippet:-1","max-image-preview":"max-image-preview:large","max-video-preview":"max-video-preview:-1"},"canonical":"https:\/\/jyrsa.com\/en\/product\/eco-1191\/","og_locale":"en_US","og_type":"article","og_title":"ECO-1191","og_description":"Cinta roja leyenda \"PELIGRO\". Funci\u00f3n: Dispositivo para delimitar \u00e1reas, se\u00f1alar obras en construcci\u00f3n o precauci\u00f3n de alerta al usuario.","og_url":"https:\/\/jyrsa.com\/en\/product\/eco-1191\/","og_site_name":"JYRSA","article_publisher":"https:\/\/www.facebook.com\/jyrsamexico\/","article_modified_time":"2025-10-09T22:29:45+00:00","og_image":[{"width":1804,"height":1804,"url":"https:\/\/jyrsa.com\/wp-content\/uploads\/ECO-1191_01.png","type":"image\/png"}],"twitter_card":"summary_large_image","schema":{"@context":"https:\/\/schema.org","@graph":[{"@type":"WebPage","@id":"https:\/\/jyrsa.com\/producto\/eco-1191\/","url":"https:\/\/jyrsa.com\/producto\/eco-1191\/","name":"ECO-1191 - JYRSA","isPartOf":{"@id":"https:\/\/jyrsa.com\/#website"},"primaryImageOfPage":{"@id":"https:\/\/jyrsa.com\/producto\/eco-1191\/#primaryimage"},"image":{"@id":"https:\/\/jyrsa.com\/producto\/eco-1191\/#primaryimage"},"thumbnailUrl":"https:\/\/jyrsa.com\/wp-content\/uploads\/ECO-1191_01.png","datePublished":"2025-10-09T22:29:35+00:00","dateModified":"2025-10-09T22:29:45+00:00","description":"Cinta roja leyenda \"PELIGRO\". Funci\u00f3n: Dispositivo para delimitar \u00e1reas, se\u00f1alar obras en construcci\u00f3n o precauci\u00f3n de alerta al usuario.","breadcrumb":{"@id":"https:\/\/jyrsa.com\/producto\/eco-1191\/#breadcrumb"},"inLanguage":"en-US","potentialAction":[{"@type":"ReadAction","target":["https:\/\/jyrsa.com\/producto\/eco-1191\/"]}]},{"@type":"ImageObject","inLanguage":"en-US","@id":"https:\/\/jyrsa.com\/producto\/eco-1191\/#primaryimage","url":"https:\/\/jyrsa.com\/wp-content\/uploads\/ECO-1191_01.png","contentUrl":"https:\/\/jyrsa.com\/wp-content\/uploads\/ECO-1191_01.png","width":1804,"height":1804},{"@type":"BreadcrumbList","@id":"https:\/\/jyrsa.com\/producto\/eco-1191\/#breadcrumb","itemListElement":[{"@type":"ListItem","position":1,"name":"Home","item":"https:\/\/jyrsa.com\/"},{"@type":"ListItem","position":2,"name":"Products","item":"https:\/\/jyrsa.com\/shop\/"},{"@type":"ListItem","position":3,"name":"ECO-1191"}]},{"@type":"WebSite","@id":"https:\/\/jyrsa.com\/#website","url":"https:\/\/jyrsa.com\/","name":"JYRSA","description":"Cuidamos lo m\u00e1s importante","publisher":{"@id":"https:\/\/jyrsa.com\/#organization"},"potentialAction":[{"@type":"SearchAction","target":{"@type":"EntryPoint","urlTemplate":"https:\/\/jyrsa.com\/?s={search_term_string}"},"query-input":{"@type":"PropertyValueSpecification","valueRequired":true,"valueName":"search_term_string"}}],"inLanguage":"en-US"},{"@type":"Organization","@id":"https:\/\/jyrsa.com\/#organization","name":"JYRSA","url":"https:\/\/jyrsa.com\/","logo":{"@type":"ImageObject","inLanguage":"en-US","@id":"https:\/\/jyrsa.com\/#\/schema\/logo\/image\/","url":"https:\/\/jyrsa.com\/wp-content\/uploads\/2024\/10\/Logo-JYRSA-negro-03.jpg","contentUrl":"https:\/\/jyrsa.com\/wp-content\/uploads\/2024\/10\/Logo-JYRSA-negro-03.jpg","width":3034,"height":949,"caption":"JYRSA"},"image":{"@id":"https:\/\/jyrsa.com\/#\/schema\/logo\/image\/"},"sameAs":["https:\/\/www.facebook.com\/jyrsamexico\/","https:\/\/www.instagram.com\/jyrsa_oficial\/","https:\/\/www.tiktok.com\/@jyrsa_oficial","https:\/\/mx.linkedin.com\/company\/jyrsa","https:\/\/www.youtube.com\/user\/jyrsamx"]}]}},"jetpack_publicize_connections":[],"jetpack_sharing_enabled":true,"jetpack_likes_enabled":true,"_links":{"self":[{"href":"https:\/\/jyrsa.com\/en\/wp-json\/wp\/v2\/product\/23370","targetHints":{"allow":["GET"]}}],"collection":[{"href":"https:\/\/jyrsa.com\/en\/wp-json\/wp\/v2\/product"}],"about":[{"href":"https:\/\/jyrsa.com\/en\/wp-json\/wp\/v2\/types\/product"}],"wp:featuredmedia":[{"embeddable":true,"href":"https:\/\/jyrsa.com\/en\/wp-json\/wp\/v2\/media\/22474"}],"wp:attachment":[{"href":"https:\/\/jyrsa.com\/en\/wp-json\/wp\/v2\/media?parent=23370"}],"wp:term":[{"taxonomy":"product_brand","embeddable":true,"href":"https:\/\/jyrsa.com\/en\/wp-json\/wp\/v2\/product_brand?post=23370"},{"taxonomy":"product_cat","embeddable":true,"href":"https:\/\/jyrsa.com\/en\/wp-json\/wp\/v2\/product_cat?post=23370"},{"taxonomy":"product_tag","embeddable":true,"href":"https:\/\/jyrsa.com\/en\/wp-json\/wp\/v2\/product_tag?post=23370"}],"curies":[{"name":"wp","href":"https:\/\/api.w.org\/{rel}","templated":true}]}}