{"id":24740,"date":"2025-10-10T13:50:47","date_gmt":"2025-10-10T19:50:47","guid":{"rendered":"https:\/\/jyrsa.com\/?post_type=product&#038;p=24740"},"modified":"2025-10-10T13:51:09","modified_gmt":"2025-10-10T19:51:09","slug":"dd-1821","status":"publish","type":"product","link":"https:\/\/jyrsa.com\/en\/product\/dd-1821\/","title":{"rendered":"DD-1821"},"content":{"rendered":"<p><strong> Funci\u00f3n: <\/strong><br \/>Protege al usuario contra la humedad, elaborado en po\u00edmero de alta resistencia a golpes y rasgado.<\/p>\n<p><strong> Caracter\u00edsticas: <\/strong><br \/>Elaborado en pol\u00edmero de alta resistencia &#8220;HRP&#8221;.<br \/>\nResistente a un amplio rango de temperaturas.<\/p>\n<p>No t\u00f3xico, inodoro, no absorbente y no corrosivo.<br \/>\nDoble solapa frontal con cierre impermeable.<br \/>\nDoble manga: interna con ajuste el\u00e1stico y externa con ajuste de bot\u00f3n de presi\u00f3n.<br \/>\nBot\u00f3n de ajuste en cintura del pantal\u00f3n.<\/p>\n<p> <strong> Descarga las fichas t\u00e9cnicas aqu\u00ed: <\/strong><\/p>\n<p><a href=\"https:\/\/jyrsa.com\/wp-content\/uploads\/DD-1821AZ.pdf\" download>DD-1821AZ<\/a><br \/><a href=\"https:\/\/jyrsa.com\/wp-content\/uploads\/DD-1821AM.pdf\" download>DD-1821AM<\/a><br \/><a href=\"https:\/\/jyrsa.com\/wp-content\/uploads\/DD-1821AZCR.pdf\" download>DD-1821AZCR<\/a><br \/><a href=\"https:\/\/jyrsa.com\/wp-content\/uploads\/DD-1821AMCR.pdf\" download>DD-1821AMCR<\/a><br \/><a href=\"https:\/\/jyrsa.com\/wp-content\/uploads\/DD-1821RCR.pdf\" download>DD-1821RCR<\/a><br \/><a href=\"https:\/\/jyrsa.com\/wp-content\/uploads\/DD-1821TRCR.pdf\" download>DD-1821TRCR<\/a><br \/><a href=\"https:\/\/jyrsa.com\/wp-content\/uploads\/DD-1821BCR.pdf\" download>DD-1821BCR<\/a><\/p>","protected":false},"excerpt":{"rendered":"<p><strong>Traje industrial HRP<\/strong><br \/><i>HRP Industrial suit<\/i><\/p>","protected":false},"featured_media":24076,"template":"","meta":{"jetpack_post_was_ever_published":false,"jetpack_publicize_message":"","jetpack_publicize_feature_enabled":true,"jetpack_social_post_already_shared":true,"jetpack_social_options":{"image_generator_settings":{"template":"highway","default_image_id":0,"font":"","enabled":false},"version":2},"_wpas_customize_per_network":false},"product_brand":[],"product_cat":[32],"product_tag":[],"class_list":{"0":"post-24740","1":"product","2":"type-product","3":"status-publish","4":"has-post-thumbnail","6":"product_cat-proteccion-contra-liquidos","8":"first","9":"instock","10":"shipping-taxable","11":"purchasable","12":"product-type-variable"},"yoast_head":"<!-- This site is optimized with the Yoast SEO Premium plugin v24.7 (Yoast SEO v27.3) - https:\/\/yoast.com\/product\/yoast-seo-premium-wordpress\/ -->\n<title>DD-1821 - JYRSA<\/title>\n<meta name=\"description\" content=\"Traje industrial HRP Funci\u00f3n: Protege al usuario contra la humedad, elaborado en po\u00edmero de alta resistencia a golpes y rasgado.\" \/>\n<meta name=\"robots\" content=\"index, follow, max-snippet:-1, max-image-preview:large, max-video-preview:-1\" \/>\n<link rel=\"canonical\" href=\"https:\/\/jyrsa.com\/en\/product\/dd-1821\/\" \/>\n<meta property=\"og:locale\" content=\"en_US\" \/>\n<meta property=\"og:type\" content=\"article\" \/>\n<meta property=\"og:title\" content=\"DD-1821\" \/>\n<meta property=\"og:description\" content=\"Traje industrial HRP Funci\u00f3n: Protege al usuario contra la humedad, elaborado en po\u00edmero de alta resistencia a golpes y rasgado.\" \/>\n<meta property=\"og:url\" content=\"https:\/\/jyrsa.com\/en\/product\/dd-1821\/\" \/>\n<meta property=\"og:site_name\" content=\"JYRSA\" \/>\n<meta property=\"article:publisher\" content=\"https:\/\/www.facebook.com\/jyrsamexico\/\" \/>\n<meta property=\"article:modified_time\" content=\"2025-10-10T19:51:09+00:00\" \/>\n<meta property=\"og:image\" content=\"https:\/\/jyrsa.com\/wp-content\/uploads\/DD-1821-_01.png\" \/>\n\t<meta property=\"og:image:width\" content=\"2001\" \/>\n\t<meta property=\"og:image:height\" content=\"2000\" \/>\n\t<meta property=\"og:image:type\" content=\"image\/png\" \/>\n<meta name=\"twitter:card\" content=\"summary_large_image\" \/>\n<script type=\"application\/ld+json\" class=\"yoast-schema-graph\">{\"@context\":\"https:\\\/\\\/schema.org\",\"@graph\":[{\"@type\":\"WebPage\",\"@id\":\"https:\\\/\\\/jyrsa.com\\\/producto\\\/dd-1821\\\/\",\"url\":\"https:\\\/\\\/jyrsa.com\\\/producto\\\/dd-1821\\\/\",\"name\":\"DD-1821 - JYRSA\",\"isPartOf\":{\"@id\":\"https:\\\/\\\/jyrsa.com\\\/#website\"},\"primaryImageOfPage\":{\"@id\":\"https:\\\/\\\/jyrsa.com\\\/producto\\\/dd-1821\\\/#primaryimage\"},\"image\":{\"@id\":\"https:\\\/\\\/jyrsa.com\\\/producto\\\/dd-1821\\\/#primaryimage\"},\"thumbnailUrl\":\"https:\\\/\\\/jyrsa.com\\\/wp-content\\\/uploads\\\/DD-1821-_01.png\",\"datePublished\":\"2025-10-10T19:50:47+00:00\",\"dateModified\":\"2025-10-10T19:51:09+00:00\",\"description\":\"Traje industrial HRP Funci\u00f3n: Protege al usuario contra la humedad, elaborado en po\u00edmero de alta resistencia a golpes y rasgado.\",\"breadcrumb\":{\"@id\":\"https:\\\/\\\/jyrsa.com\\\/producto\\\/dd-1821\\\/#breadcrumb\"},\"inLanguage\":\"en-US\",\"potentialAction\":[{\"@type\":\"ReadAction\",\"target\":[\"https:\\\/\\\/jyrsa.com\\\/producto\\\/dd-1821\\\/\"]}]},{\"@type\":\"ImageObject\",\"inLanguage\":\"en-US\",\"@id\":\"https:\\\/\\\/jyrsa.com\\\/producto\\\/dd-1821\\\/#primaryimage\",\"url\":\"https:\\\/\\\/jyrsa.com\\\/wp-content\\\/uploads\\\/DD-1821-_01.png\",\"contentUrl\":\"https:\\\/\\\/jyrsa.com\\\/wp-content\\\/uploads\\\/DD-1821-_01.png\",\"width\":2001,\"height\":2000},{\"@type\":\"BreadcrumbList\",\"@id\":\"https:\\\/\\\/jyrsa.com\\\/producto\\\/dd-1821\\\/#breadcrumb\",\"itemListElement\":[{\"@type\":\"ListItem\",\"position\":1,\"name\":\"Home\",\"item\":\"https:\\\/\\\/jyrsa.com\\\/\"},{\"@type\":\"ListItem\",\"position\":2,\"name\":\"Products\",\"item\":\"https:\\\/\\\/jyrsa.com\\\/shop\\\/\"},{\"@type\":\"ListItem\",\"position\":3,\"name\":\"DD-1821\"}]},{\"@type\":\"WebSite\",\"@id\":\"https:\\\/\\\/jyrsa.com\\\/#website\",\"url\":\"https:\\\/\\\/jyrsa.com\\\/\",\"name\":\"JYRSA\",\"description\":\"Cuidamos lo m\u00e1s importante\",\"publisher\":{\"@id\":\"https:\\\/\\\/jyrsa.com\\\/#organization\"},\"potentialAction\":[{\"@type\":\"SearchAction\",\"target\":{\"@type\":\"EntryPoint\",\"urlTemplate\":\"https:\\\/\\\/jyrsa.com\\\/?s={search_term_string}\"},\"query-input\":{\"@type\":\"PropertyValueSpecification\",\"valueRequired\":true,\"valueName\":\"search_term_string\"}}],\"inLanguage\":\"en-US\"},{\"@type\":\"Organization\",\"@id\":\"https:\\\/\\\/jyrsa.com\\\/#organization\",\"name\":\"JYRSA\",\"url\":\"https:\\\/\\\/jyrsa.com\\\/\",\"logo\":{\"@type\":\"ImageObject\",\"inLanguage\":\"en-US\",\"@id\":\"https:\\\/\\\/jyrsa.com\\\/#\\\/schema\\\/logo\\\/image\\\/\",\"url\":\"https:\\\/\\\/jyrsa.com\\\/wp-content\\\/uploads\\\/2024\\\/10\\\/Logo-JYRSA-negro-03.jpg\",\"contentUrl\":\"https:\\\/\\\/jyrsa.com\\\/wp-content\\\/uploads\\\/2024\\\/10\\\/Logo-JYRSA-negro-03.jpg\",\"width\":3034,\"height\":949,\"caption\":\"JYRSA\"},\"image\":{\"@id\":\"https:\\\/\\\/jyrsa.com\\\/#\\\/schema\\\/logo\\\/image\\\/\"},\"sameAs\":[\"https:\\\/\\\/www.facebook.com\\\/jyrsamexico\\\/\",\"https:\\\/\\\/www.instagram.com\\\/jyrsa_oficial\\\/\",\"https:\\\/\\\/www.tiktok.com\\\/@jyrsa_oficial\",\"https:\\\/\\\/mx.linkedin.com\\\/company\\\/jyrsa\",\"https:\\\/\\\/www.youtube.com\\\/user\\\/jyrsamx\"]}]}<\/script>\n<!-- \/ Yoast SEO Premium plugin. -->","yoast_head_json":{"title":"DD-1821 - JYRSA","description":"Traje industrial HRP Funci\u00f3n: Protege al usuario contra la humedad, elaborado en po\u00edmero de alta resistencia a golpes y rasgado.","robots":{"index":"index","follow":"follow","max-snippet":"max-snippet:-1","max-image-preview":"max-image-preview:large","max-video-preview":"max-video-preview:-1"},"canonical":"https:\/\/jyrsa.com\/en\/product\/dd-1821\/","og_locale":"en_US","og_type":"article","og_title":"DD-1821","og_description":"Traje industrial HRP Funci\u00f3n: Protege al usuario contra la humedad, elaborado en po\u00edmero de alta resistencia a golpes y rasgado.","og_url":"https:\/\/jyrsa.com\/en\/product\/dd-1821\/","og_site_name":"JYRSA","article_publisher":"https:\/\/www.facebook.com\/jyrsamexico\/","article_modified_time":"2025-10-10T19:51:09+00:00","og_image":[{"width":2001,"height":2000,"url":"https:\/\/jyrsa.com\/wp-content\/uploads\/DD-1821-_01.png","type":"image\/png"}],"twitter_card":"summary_large_image","schema":{"@context":"https:\/\/schema.org","@graph":[{"@type":"WebPage","@id":"https:\/\/jyrsa.com\/producto\/dd-1821\/","url":"https:\/\/jyrsa.com\/producto\/dd-1821\/","name":"DD-1821 - JYRSA","isPartOf":{"@id":"https:\/\/jyrsa.com\/#website"},"primaryImageOfPage":{"@id":"https:\/\/jyrsa.com\/producto\/dd-1821\/#primaryimage"},"image":{"@id":"https:\/\/jyrsa.com\/producto\/dd-1821\/#primaryimage"},"thumbnailUrl":"https:\/\/jyrsa.com\/wp-content\/uploads\/DD-1821-_01.png","datePublished":"2025-10-10T19:50:47+00:00","dateModified":"2025-10-10T19:51:09+00:00","description":"Traje industrial HRP Funci\u00f3n: Protege al usuario contra la humedad, elaborado en po\u00edmero de alta resistencia a golpes y rasgado.","breadcrumb":{"@id":"https:\/\/jyrsa.com\/producto\/dd-1821\/#breadcrumb"},"inLanguage":"en-US","potentialAction":[{"@type":"ReadAction","target":["https:\/\/jyrsa.com\/producto\/dd-1821\/"]}]},{"@type":"ImageObject","inLanguage":"en-US","@id":"https:\/\/jyrsa.com\/producto\/dd-1821\/#primaryimage","url":"https:\/\/jyrsa.com\/wp-content\/uploads\/DD-1821-_01.png","contentUrl":"https:\/\/jyrsa.com\/wp-content\/uploads\/DD-1821-_01.png","width":2001,"height":2000},{"@type":"BreadcrumbList","@id":"https:\/\/jyrsa.com\/producto\/dd-1821\/#breadcrumb","itemListElement":[{"@type":"ListItem","position":1,"name":"Home","item":"https:\/\/jyrsa.com\/"},{"@type":"ListItem","position":2,"name":"Products","item":"https:\/\/jyrsa.com\/shop\/"},{"@type":"ListItem","position":3,"name":"DD-1821"}]},{"@type":"WebSite","@id":"https:\/\/jyrsa.com\/#website","url":"https:\/\/jyrsa.com\/","name":"JYRSA","description":"Cuidamos lo m\u00e1s importante","publisher":{"@id":"https:\/\/jyrsa.com\/#organization"},"potentialAction":[{"@type":"SearchAction","target":{"@type":"EntryPoint","urlTemplate":"https:\/\/jyrsa.com\/?s={search_term_string}"},"query-input":{"@type":"PropertyValueSpecification","valueRequired":true,"valueName":"search_term_string"}}],"inLanguage":"en-US"},{"@type":"Organization","@id":"https:\/\/jyrsa.com\/#organization","name":"JYRSA","url":"https:\/\/jyrsa.com\/","logo":{"@type":"ImageObject","inLanguage":"en-US","@id":"https:\/\/jyrsa.com\/#\/schema\/logo\/image\/","url":"https:\/\/jyrsa.com\/wp-content\/uploads\/2024\/10\/Logo-JYRSA-negro-03.jpg","contentUrl":"https:\/\/jyrsa.com\/wp-content\/uploads\/2024\/10\/Logo-JYRSA-negro-03.jpg","width":3034,"height":949,"caption":"JYRSA"},"image":{"@id":"https:\/\/jyrsa.com\/#\/schema\/logo\/image\/"},"sameAs":["https:\/\/www.facebook.com\/jyrsamexico\/","https:\/\/www.instagram.com\/jyrsa_oficial\/","https:\/\/www.tiktok.com\/@jyrsa_oficial","https:\/\/mx.linkedin.com\/company\/jyrsa","https:\/\/www.youtube.com\/user\/jyrsamx"]}]}},"jetpack_publicize_connections":[],"jetpack_sharing_enabled":true,"jetpack_likes_enabled":true,"_links":{"self":[{"href":"https:\/\/jyrsa.com\/en\/wp-json\/wp\/v2\/product\/24740","targetHints":{"allow":["GET"]}}],"collection":[{"href":"https:\/\/jyrsa.com\/en\/wp-json\/wp\/v2\/product"}],"about":[{"href":"https:\/\/jyrsa.com\/en\/wp-json\/wp\/v2\/types\/product"}],"wp:featuredmedia":[{"embeddable":true,"href":"https:\/\/jyrsa.com\/en\/wp-json\/wp\/v2\/media\/24076"}],"wp:attachment":[{"href":"https:\/\/jyrsa.com\/en\/wp-json\/wp\/v2\/media?parent=24740"}],"wp:term":[{"taxonomy":"product_brand","embeddable":true,"href":"https:\/\/jyrsa.com\/en\/wp-json\/wp\/v2\/product_brand?post=24740"},{"taxonomy":"product_cat","embeddable":true,"href":"https:\/\/jyrsa.com\/en\/wp-json\/wp\/v2\/product_cat?post=24740"},{"taxonomy":"product_tag","embeddable":true,"href":"https:\/\/jyrsa.com\/en\/wp-json\/wp\/v2\/product_tag?post=24740"}],"curies":[{"name":"wp","href":"https:\/\/api.w.org\/{rel}","templated":true}]}}